{"id":28069,"date":"2022-07-26T05:58:17","date_gmt":"2022-07-26T10:58:17","guid":{"rendered":"https:\/\/metonymypress.com\/?post_type=product&#038;p=28069"},"modified":"2024-12-14T07:09:31","modified_gmt":"2024-12-14T12:09:31","slug":"lote-pdf","status":"publish","type":"product","link":"https:\/\/metonymypress.com\/fr\/products\/lote-pdf\/","title":{"rendered":"LOTE (PDF)"},"content":{"rendered":"<p>Autaire: <a href=\"https:\/\/www.sholavonreinhold.com\/\">Shola von Reinhold<\/a><br \/>\nPrice: $9.99 CAD<br \/>\nISBN: 978-1-7774852-6-9<\/p>\n<p>Canadian edition &#8211; only available to purchase in Canada (originally published in the UK by Jacaranda)<\/p>\n<p>Couverture : Leo Robinson<\/p>\n<p>Design : Sultana Bambino<\/p>\n<ul>\n<li>PDF<\/li>\n<li>456 pages<\/li>\n<li>Published in July 2022<\/li>\n<\/ul>\n<p>&#8220;Though von Reinhold fictionalizes history, the book begs the question: who has yet to be unearthed? What is the real meaning of a canon, if there are so many hidden ones? Readers will find real joy in von Reinhold\u2019s creation of what reads as a joyous Black artistic queer community.&#8221;<\/p>\n<p>\u2014<a href=\"https:\/\/mtlreviewofbooks.ca\/reviews\/shola-von-reinhold-lote\/\"><em>Montreal Review of Books<\/em><\/a><\/p>\n<p id=\"m_5649043941999438491gmail-docs-internal-guid-dbe90799-7fff-40df-e620-bfe8f469252f\" dir=\"ltr\">\u201cShola von Reinhold\u2019s debut novel, <em>LOTE<\/em>, takes the reader on a fabulously queer, decadent, decolonial, and complex journey\u2026\u201d<\/p>\n<p dir=\"ltr\">\u2014<a href=\"https:\/\/modernistreviewcouk.wordpress.com\/2021\/04\/29\/book-review-unveiling-historical-blanching-shola-von-reinholds-lote\/\"><em>The Modernist Review<\/em><\/a><\/p>\n<p dir=\"ltr\">\u201cWhat does it mean to daydream about a past that would not be hospitable to you? Shola von Reinhold\u2019s debut novel, <em>LOTE<\/em>, dramatizes this question by bringing complex literary-ethical crises and frothy champagne into the archive.\u201d<\/p>\n<p dir=\"ltr\"><a href=\"https:\/\/www.theguardian.com\/books\/2020\/jun\/10\/lote-by-shola-von-reinhold-review-\">\u2014<\/a>Ana Quiring, <a href=\"https:\/\/www.full-stop.net\/2021\/01\/08\/reviews\/ana-quiring\/lote-shola-von-reinhold\/\">Full Stop<\/a><\/p>\n<p>&nbsp;<\/p>","protected":false},"excerpt":{"rendered":"<p dir=\"ltr\">by Shola von Reinhold<\/p>\n<p dir=\"ltr\"><strong>Winner of the Republic of Consciousness Prize, 2021<\/strong><\/p>\n<p dir=\"ltr\"><strong>Winner of the James Tait Black Prize for Fiction, 2021<\/strong><\/p>\n<p dir=\"ltr\">\u201cWhat was beyond doubt by the time I got back was that a new Transfixion had arrived in the form of Hermia Druitt, the woman in this photograph. This was confirmed by the sensations: flashes from Arcadia. Moonlight, of a kind, sighed up and down the tube of my spine, but above all, that indescribable note which accompanied all my Transfixions was present: humming beneath the high fine rush\u2014probably not dissimilar to holy rapture\u2014was an almost violent famili\u00adarity. The feeling of not only recognising, but of having been recognised.<\/p>\n<p dir=\"ltr\">A new Transfixion.\u201d<\/p>\n<p dir=\"ltr\">Le premier roman luxuriant de Shola von Reinhold fait ressortir, \u00e0 travers une prose \u00e9labor\u00e9e et nuanc\u00e9e, les lacunes et les failles de l\u2019archive. Les recherches obsessionnelles de la narratrice sur une po\u00e9tesse noire moderniste oubli\u00e9e la confrontent \u00e0 la vacuit\u00e9 du milieu artistique, mais aussi \u00e0 une sc\u00e8ne historique queer qui la conforte et la nourrit. Ce roman a initialement \u00e9t\u00e9 publi\u00e9 au Royaume-Uni par Jacaranda Books Art Music Ltd. dans le cadre de la s\u00e9rie Twenty in 2020, une c\u00e9l\u00e9bration de la litt\u00e9rature noire britannique.<\/p>\n<p dir=\"ltr\">Only available in Canada.<\/p>\n<p dir=\"ltr\">Also available <a href=\"https:\/\/metonymypress.com\/fr\/shop\/print-books\/lote\/\">in print<\/a>.<\/p>","protected":false},"featured_media":27915,"template":"","meta":{"give_campaign_id":0,"neve_meta_sidebar":"","neve_meta_container":"","neve_meta_enable_content_width":"off","neve_meta_content_width":70,"neve_meta_title_alignment":"","neve_meta_author_avatar":"","neve_post_elements_order":"","neve_meta_disable_header":"","neve_meta_disable_footer":"","neve_meta_disable_title":"","cybocfi_hide_featured_image":""},"product_brand":[],"product_cat":[129],"product_tag":[],"class_list":{"0":"post-28069","1":"product","2":"type-product","3":"status-publish","4":"has-post-thumbnail","6":"product_cat-digital-books","8":"first","9":"instock","10":"downloadable","11":"virtual","12":"purchasable","13":"product-type-simple"},"yoast_head":"<!-- This site is optimized with the Yoast SEO plugin v27.4 - https:\/\/yoast.com\/product\/yoast-seo-wordpress\/ -->\n<title>LOTE (PDF)<\/title>\n<meta name=\"description\" content=\"Shola von Reinhold\u2019s lavish debut novel lays bare, through ornate, layered prose, the gaps and faultlines in the archive. Through obsessive research on an overlooked Black modernist poet, the narrator buckles under the vacuousness of the art world and also curates a queer historical scene, breaking it open and reveling in it.\" \/>\n<meta name=\"robots\" content=\"index, follow, max-snippet:-1, max-image-preview:large, max-video-preview:-1\" \/>\n<link rel=\"canonical\" href=\"https:\/\/metonymypress.com\/fr\/products\/lote-pdf\/\" \/>\n<meta property=\"og:locale\" content=\"fr_CA\" \/>\n<meta property=\"og:type\" content=\"article\" \/>\n<meta property=\"og:title\" content=\"LOTE (PDF)\" \/>\n<meta property=\"og:description\" content=\"Shola von Reinhold\u2019s lavish debut novel lays bare, through ornate, layered prose, the gaps and faultlines in the archive. Through obsessive research on an overlooked Black modernist poet, the narrator buckles under the vacuousness of the art world and also curates a queer historical scene, breaking it open and reveling in it.\" \/>\n<meta property=\"og:url\" content=\"https:\/\/metonymypress.com\/fr\/products\/lote-pdf\/\" \/>\n<meta property=\"og:site_name\" content=\"Metonymy Press\" \/>\n<meta property=\"article:modified_time\" content=\"2024-12-14T12:09:31+00:00\" \/>\n<meta property=\"og:image\" content=\"https:\/\/metonymypress.com\/wp-content\/uploads\/2022\/01\/cover-9781777485245-672x1024.jpg\" \/>\n\t<meta property=\"og:image:width\" content=\"672\" \/>\n\t<meta property=\"og:image:height\" content=\"1024\" \/>\n\t<meta property=\"og:image:type\" content=\"image\/jpeg\" \/>\n<meta name=\"twitter:card\" content=\"summary_large_image\" \/>\n<meta name=\"twitter:label1\" content=\"Estimation du temps de lecture\" \/>\n\t<meta name=\"twitter:data1\" content=\"1 minute\" \/>\n<script type=\"application\/ld+json\" class=\"yoast-schema-graph\">{\"@context\":\"https:\\\/\\\/schema.org\",\"@graph\":[{\"@type\":\"WebPage\",\"@id\":\"https:\\\/\\\/metonymypress.com\\\/products\\\/lote-pdf\\\/\",\"url\":\"https:\\\/\\\/metonymypress.com\\\/products\\\/lote-pdf\\\/\",\"name\":\"LOTE (PDF)\",\"isPartOf\":{\"@id\":\"https:\\\/\\\/metonymypress.com\\\/#website\"},\"primaryImageOfPage\":{\"@id\":\"https:\\\/\\\/metonymypress.com\\\/products\\\/lote-pdf\\\/#primaryimage\"},\"image\":{\"@id\":\"https:\\\/\\\/metonymypress.com\\\/products\\\/lote-pdf\\\/#primaryimage\"},\"thumbnailUrl\":\"https:\\\/\\\/metonymypress.com\\\/wp-content\\\/uploads\\\/2022\\\/01\\\/cover-9781777485245.jpg\",\"datePublished\":\"2022-07-26T10:58:17+00:00\",\"dateModified\":\"2024-12-14T12:09:31+00:00\",\"description\":\"Shola von Reinhold\u2019s lavish debut novel lays bare, through ornate, layered prose, the gaps and faultlines in the archive. Through obsessive research on an overlooked Black modernist poet, the narrator buckles under the vacuousness of the art world and also curates a queer historical scene, breaking it open and reveling in it.\",\"breadcrumb\":{\"@id\":\"https:\\\/\\\/metonymypress.com\\\/products\\\/lote-pdf\\\/#breadcrumb\"},\"inLanguage\":\"fr-CA\",\"potentialAction\":[{\"@type\":\"ReadAction\",\"target\":[\"https:\\\/\\\/metonymypress.com\\\/products\\\/lote-pdf\\\/\"]}]},{\"@type\":\"ImageObject\",\"inLanguage\":\"fr-CA\",\"@id\":\"https:\\\/\\\/metonymypress.com\\\/products\\\/lote-pdf\\\/#primaryimage\",\"url\":\"https:\\\/\\\/metonymypress.com\\\/wp-content\\\/uploads\\\/2022\\\/01\\\/cover-9781777485245.jpg\",\"contentUrl\":\"https:\\\/\\\/metonymypress.com\\\/wp-content\\\/uploads\\\/2022\\\/01\\\/cover-9781777485245.jpg\",\"width\":1541,\"height\":2348,\"caption\":\"Illustration by Leo Robinson, design by Sultana Bambino\"},{\"@type\":\"BreadcrumbList\",\"@id\":\"https:\\\/\\\/metonymypress.com\\\/products\\\/lote-pdf\\\/#breadcrumb\",\"itemListElement\":[{\"@type\":\"ListItem\",\"position\":1,\"name\":\"Home\",\"item\":\"https:\\\/\\\/metonymypress.com\\\/\"},{\"@type\":\"ListItem\",\"position\":2,\"name\":\"Products\",\"item\":\"https:\\\/\\\/metonymypress.com\\\/shop\\\/\"},{\"@type\":\"ListItem\",\"position\":3,\"name\":\"LOTE (PDF)\"}]},{\"@type\":\"WebSite\",\"@id\":\"https:\\\/\\\/metonymypress.com\\\/#website\",\"url\":\"https:\\\/\\\/metonymypress.com\\\/\",\"name\":\"Metonymy Press\",\"description\":\"\",\"publisher\":{\"@id\":\"https:\\\/\\\/metonymypress.com\\\/#organization\"},\"potentialAction\":[{\"@type\":\"SearchAction\",\"target\":{\"@type\":\"EntryPoint\",\"urlTemplate\":\"https:\\\/\\\/metonymypress.com\\\/?s={search_term_string}\"},\"query-input\":{\"@type\":\"PropertyValueSpecification\",\"valueRequired\":true,\"valueName\":\"search_term_string\"}}],\"inLanguage\":\"fr-CA\"},{\"@type\":\"Organization\",\"@id\":\"https:\\\/\\\/metonymypress.com\\\/#organization\",\"name\":\"Metonymy Press\",\"url\":\"https:\\\/\\\/metonymypress.com\\\/\",\"logo\":{\"@type\":\"ImageObject\",\"inLanguage\":\"fr-CA\",\"@id\":\"https:\\\/\\\/metonymypress.com\\\/#\\\/schema\\\/logo\\\/image\\\/\",\"url\":\"https:\\\/\\\/metonymypress.com\\\/wp-content\\\/uploads\\\/2019\\\/03\\\/metonymy_logo.jpg\",\"contentUrl\":\"https:\\\/\\\/metonymypress.com\\\/wp-content\\\/uploads\\\/2019\\\/03\\\/metonymy_logo.jpg\",\"width\":2423,\"height\":1013,\"caption\":\"Metonymy Press\"},\"image\":{\"@id\":\"https:\\\/\\\/metonymypress.com\\\/#\\\/schema\\\/logo\\\/image\\\/\"}}]}<\/script>\n<!-- \/ Yoast SEO plugin. -->","yoast_head_json":{"title":"LOTE (PDF)","description":"Shola von Reinhold\u2019s lavish debut novel lays bare, through ornate, layered prose, the gaps and faultlines in the archive. Through obsessive research on an overlooked Black modernist poet, the narrator buckles under the vacuousness of the art world and also curates a queer historical scene, breaking it open and reveling in it.","robots":{"index":"index","follow":"follow","max-snippet":"max-snippet:-1","max-image-preview":"max-image-preview:large","max-video-preview":"max-video-preview:-1"},"canonical":"https:\/\/metonymypress.com\/fr\/products\/lote-pdf\/","og_locale":"fr_CA","og_type":"article","og_title":"LOTE (PDF)","og_description":"Shola von Reinhold\u2019s lavish debut novel lays bare, through ornate, layered prose, the gaps and faultlines in the archive. Through obsessive research on an overlooked Black modernist poet, the narrator buckles under the vacuousness of the art world and also curates a queer historical scene, breaking it open and reveling in it.","og_url":"https:\/\/metonymypress.com\/fr\/products\/lote-pdf\/","og_site_name":"Metonymy Press","article_modified_time":"2024-12-14T12:09:31+00:00","og_image":[{"width":672,"height":1024,"url":"https:\/\/metonymypress.com\/wp-content\/uploads\/2022\/01\/cover-9781777485245-672x1024.jpg","type":"image\/jpeg"}],"twitter_card":"summary_large_image","twitter_misc":{"Estimation du temps de lecture":"1 minute"},"schema":{"@context":"https:\/\/schema.org","@graph":[{"@type":"WebPage","@id":"https:\/\/metonymypress.com\/products\/lote-pdf\/","url":"https:\/\/metonymypress.com\/products\/lote-pdf\/","name":"LOTE (PDF)","isPartOf":{"@id":"https:\/\/metonymypress.com\/#website"},"primaryImageOfPage":{"@id":"https:\/\/metonymypress.com\/products\/lote-pdf\/#primaryimage"},"image":{"@id":"https:\/\/metonymypress.com\/products\/lote-pdf\/#primaryimage"},"thumbnailUrl":"https:\/\/metonymypress.com\/wp-content\/uploads\/2022\/01\/cover-9781777485245.jpg","datePublished":"2022-07-26T10:58:17+00:00","dateModified":"2024-12-14T12:09:31+00:00","description":"Shola von Reinhold\u2019s lavish debut novel lays bare, through ornate, layered prose, the gaps and faultlines in the archive. Through obsessive research on an overlooked Black modernist poet, the narrator buckles under the vacuousness of the art world and also curates a queer historical scene, breaking it open and reveling in it.","breadcrumb":{"@id":"https:\/\/metonymypress.com\/products\/lote-pdf\/#breadcrumb"},"inLanguage":"fr-CA","potentialAction":[{"@type":"ReadAction","target":["https:\/\/metonymypress.com\/products\/lote-pdf\/"]}]},{"@type":"ImageObject","inLanguage":"fr-CA","@id":"https:\/\/metonymypress.com\/products\/lote-pdf\/#primaryimage","url":"https:\/\/metonymypress.com\/wp-content\/uploads\/2022\/01\/cover-9781777485245.jpg","contentUrl":"https:\/\/metonymypress.com\/wp-content\/uploads\/2022\/01\/cover-9781777485245.jpg","width":1541,"height":2348,"caption":"Illustration by Leo Robinson, design by Sultana Bambino"},{"@type":"BreadcrumbList","@id":"https:\/\/metonymypress.com\/products\/lote-pdf\/#breadcrumb","itemListElement":[{"@type":"ListItem","position":1,"name":"Home","item":"https:\/\/metonymypress.com\/"},{"@type":"ListItem","position":2,"name":"Products","item":"https:\/\/metonymypress.com\/shop\/"},{"@type":"ListItem","position":3,"name":"LOTE (PDF)"}]},{"@type":"WebSite","@id":"https:\/\/metonymypress.com\/#website","url":"https:\/\/metonymypress.com\/","name":"\u00c9ditions M\u00e9tonymie","description":"","publisher":{"@id":"https:\/\/metonymypress.com\/#organization"},"potentialAction":[{"@type":"SearchAction","target":{"@type":"EntryPoint","urlTemplate":"https:\/\/metonymypress.com\/?s={search_term_string}"},"query-input":{"@type":"PropertyValueSpecification","valueRequired":true,"valueName":"search_term_string"}}],"inLanguage":"fr-CA"},{"@type":"Organization","@id":"https:\/\/metonymypress.com\/#organization","name":"\u00c9ditions M\u00e9tonymie","url":"https:\/\/metonymypress.com\/","logo":{"@type":"ImageObject","inLanguage":"fr-CA","@id":"https:\/\/metonymypress.com\/#\/schema\/logo\/image\/","url":"https:\/\/metonymypress.com\/wp-content\/uploads\/2019\/03\/metonymy_logo.jpg","contentUrl":"https:\/\/metonymypress.com\/wp-content\/uploads\/2019\/03\/metonymy_logo.jpg","width":2423,"height":1013,"caption":"Metonymy Press"},"image":{"@id":"https:\/\/metonymypress.com\/#\/schema\/logo\/image\/"}}]}},"_links":{"self":[{"href":"https:\/\/metonymypress.com\/fr\/wp-json\/wp\/v2\/product\/28069","targetHints":{"allow":["GET"]}}],"collection":[{"href":"https:\/\/metonymypress.com\/fr\/wp-json\/wp\/v2\/product"}],"about":[{"href":"https:\/\/metonymypress.com\/fr\/wp-json\/wp\/v2\/types\/product"}],"version-history":[{"count":1,"href":"https:\/\/metonymypress.com\/fr\/wp-json\/wp\/v2\/product\/28069\/revisions"}],"predecessor-version":[{"id":28145,"href":"https:\/\/metonymypress.com\/fr\/wp-json\/wp\/v2\/product\/28069\/revisions\/28145"}],"wp:featuredmedia":[{"embeddable":true,"href":"https:\/\/metonymypress.com\/fr\/wp-json\/wp\/v2\/media\/27915"}],"wp:attachment":[{"href":"https:\/\/metonymypress.com\/fr\/wp-json\/wp\/v2\/media?parent=28069"}],"wp:term":[{"taxonomy":"product_brand","embeddable":true,"href":"https:\/\/metonymypress.com\/fr\/wp-json\/wp\/v2\/product_brand?post=28069"},{"taxonomy":"product_cat","embeddable":true,"href":"https:\/\/metonymypress.com\/fr\/wp-json\/wp\/v2\/product_cat?post=28069"},{"taxonomy":"product_tag","embeddable":true,"href":"https:\/\/metonymypress.com\/fr\/wp-json\/wp\/v2\/product_tag?post=28069"}],"curies":[{"name":"wp","href":"https:\/\/api.w.org\/{rel}","templated":true}]}}