{"id":28310,"date":"2022-12-05T13:56:20","date_gmt":"2022-12-05T18:56:20","guid":{"rendered":"https:\/\/metonymypress.com\/?post_type=product&#038;p=28310"},"modified":"2026-02-05T15:31:38","modified_gmt":"2026-02-05T20:31:38","slug":"the-rage-letters-bah","status":"publish","type":"product","link":"https:\/\/metonymypress.com\/fr\/products\/the-rage-letters-bah\/","title":{"rendered":"The Rage Letters"},"content":{"rendered":"<p><i>\u201cThe Rage Letters <\/i>is a daring and jubilant work that details the nuanced textures of queer friendship with a discerning, humorous, and powerful voice. Bah is a storyteller like no other.\u201d<br \/>\n\u2014Shazia Hafiz Ramji, <a href=\"https:\/\/quillandquire.com\/review\/the-rage-letters\/\"><em>Quill &amp; Quire<\/em><\/a>, starred review<\/p>\n<p><i>\u201c<\/i>The stories &#8230; address themes of class, race, gender, and sexuality from the perspective of a queer, Black sensibility. The individual entries are linked by characters that drift in and out among them and by Bah and La Mackerel\u2019s insistence on defamiliarizing \u2013 or, to use La Mackerel\u2019s preferred term, \u2018creolizing\u2019 \u2013 the language. These are stories that exist in the interstices between linguistic, gender, and class groupings.\u201d<br \/>\n\u2014Steven Beattie, <em>That Shakespearean Rag<br \/>\n<\/em><\/p>\n<p><i>\u201cThe Rage Letters <\/i>is an invitation to sit with complexity and to savour the intricate ways people come together to bring about an atmosphere of unfurling possibility.\u201d<br \/>\n\u2014Samantha Jones, <em>This Magazine<\/em><\/p>\n<p>\u201cMy intention was to write stories, construct riddles around liberation. How does someone in a very banal, realist scenario unlock something that gives them more space, or how do they get to see themselves in the front seat?\u201d<br \/>\n\u2014Val\u00e9rie Bah, en entrevue avec le journal litt\u00e9raire Montreal Review of Books <i><a href=\"https:\/\/mtlreviewofbooks.ca\/reviews\/the-rage-letters-valerie-bah-kama-la-mackerel\/\" target=\"_blank\" rel=\"noopener\">Montreal Review of Books<\/a><\/i><\/p>\n<div class=\"page\" title=\"Page 1\">\n<div class=\"layoutArea\">\n<div class=\"column\">\n<p>\u201cRendered in incendiary prose, <em>The Rage Letters<\/em> is a striking collection of linked stories which astutely and with swift humour explores the lives, identities, relationships, and furies of its characters. Grounded in the enchanting grit of Montreal and elsewhere, these stories take playful and surprising slants as their Black, queer, and trans characters navigate familiar realities with fortitude and, at times, joy.\u201d<br \/>\n\u2014Francesca Ekwuyasi, author of <em>Butter Honey Pig Bread<\/em><\/p>\n<p>Autaire: <a href=\"https:\/\/www.valeriebah.com\/\" target=\"_blank\" rel=\"noopener\">Val\u00e9rie Bah<\/a><\/p>\n<p>Traductrice: <a href=\"https:\/\/lamackerel.net\/\" target=\"_blank\" rel=\"noopener\">Kama La Mackerel<\/a><\/p>\n<p>Couverture et design : <a href=\"https:\/\/carlphilippesimonise.com\/\">CP Simonise<\/a><\/p>\n<\/div>\n<\/div>\n<\/div>","protected":false},"excerpt":{"rendered":"<p>de Val\u00e9rie Bah, traduit du fran\u00e7ais par Kama La Mackerel<\/p>\n<p>Automne 2023<\/p>\n<p><strong>Finaliste, prix Lambda Literary de la fiction transgenre<\/strong><\/p>\n<p>Disponible en format papier (pour les personnes r\u00e9sidant au Canada et aux \u00c9tats-Unis), PDF (disponible partout), et EPUB (disponible partout)<\/p>\n<p>Un agent de s\u00e9curit\u00e9 \u00e9puis\u00e9 r\u00eave de rentrer chez lui. Une sculpteure et un\u00b7e poteux\u00b7se font l\u2019amour en compagnie d\u2019un groupe d\u2019ex-flammes en cire. Un atelier sur la diversit\u00e9 prend des allures de cauchemar familier.<\/p>\n<p>Tout au long de ce recueil pince-sans-rire, des figures r\u00e9solues, damn\u00e9es et triomphantes apparaissent et r\u00e9apparaissent, leurs liens devenant de plus en plus clairs au fil de la narration fragment\u00e9e. L\u2019auteure dresse avec l\u00e9g\u00e8ret\u00e9 le portrait des vies entrem\u00eal\u00e9es d\u2019un groupe d\u2019ami\u00b7es noir\u00b7es, queer et trans qui \u00e9voluent au gr\u00e9 de la violence sociale, des traumatismes et des contradictions qui caract\u00e9risent leur situation.<\/p>\n<p>D\u2019abord publi\u00e9 en fran\u00e7ais en 2021 aux \u00c9ditions du remue-m\u00e9nage dans le cadre de la collection Martiales, The Rage Letters de Val\u00e9rie Bah pr\u00e9sente des r\u00e9cits <i>The Rage Letters<\/i> qui se d\u00e9roulent \u00e0 Montr\u00e9al et ailleurs. Parfois concises et souvent conversationnelles, mais toujours porteuses de possibilit\u00e9s \u00e0 travers le d\u00e9sir, la rage et les actes de r\u00e9bellion de leurs personnages.<\/p>\n<p><strong>Val\u00e9rie Bah<\/strong> est une cin\u00e9aste et \u00e9crivaine bas\u00e9e \u00e0 Tiohti\u00e0:ke dont le travail explore des th\u00e8mes de traumatisme interg\u00e9n\u00e9rationnel et de gu\u00e9rison, ainsi que les actes de survie tant ordinaires que radicaux. Empreints de r\u00e9alisme magique, les r\u00e9cits de Val s\u2019inspirent de la pens\u00e9e f\u00e9ministe noire et de l\u2019exp\u00e9rience v\u00e9cue.<\/p>\n<p><strong>Kama La Mackerel<\/strong> est un\u00b7e \u00e9ducataire, artiste, performaire, \u00e9crivain\u00b7e et traductaire dont la pratique existe \u00e0 l\u2019intersection de l\u2019anglais, du fran\u00e7ais et du kreol morisien. Iel est l\u2019autaire du recueil de po\u00e9sie <i>ZOM-FAM<\/i> (\u00c9ditions Metonymy) et a traduit des \u0153uvres des \u00e9crivaines canadiennes Vivek Shraya et Kai Cheng Thom. Iel a donn\u00e9 des conf\u00e9rences, s\u2019est produit sur la sc\u00e8ne et a expos\u00e9 son travail \u00e0 l\u2019\u00e9chelle. Kama est pr\u00e9sent\u00b7e sur les r\u00e9seaux sociaux sous l\u2019appellation @kamalamackerel.<br \/>\n<a href=\"https:\/\/www.indiebookstores.ca\/book\/9781777485276\/\" target=\"_blank\" rel=\"noopener\"><img decoding=\"async\" class=\"alignleft wp-image-29577 size-medium\" src=\"https:\/\/metonymypress.com\/wp-content\/uploads\/2022\/12\/IBCA-Button-2-Full-Colour-300x69.png\" alt=\"\" width=\"300\" height=\"69\" srcset=\"https:\/\/metonymypress.com\/wp-content\/uploads\/2022\/12\/IBCA-Button-2-Full-Colour-300x69.png 300w, https:\/\/metonymypress.com\/wp-content\/uploads\/2022\/12\/IBCA-Button-2-Full-Colour-800x184.png 800w, https:\/\/metonymypress.com\/wp-content\/uploads\/2022\/12\/IBCA-Button-2-Full-Colour-768x176.png 768w, https:\/\/metonymypress.com\/wp-content\/uploads\/2022\/12\/IBCA-Button-2-Full-Colour.png 1001w\" sizes=\"(max-width: 300px) 100vw, 300px\" \/><\/a><\/p>","protected":false},"featured_media":28207,"template":"","meta":{"give_campaign_id":0,"neve_meta_sidebar":"","neve_meta_container":"","neve_meta_enable_content_width":"off","neve_meta_content_width":70,"neve_meta_title_alignment":"","neve_meta_author_avatar":"","neve_post_elements_order":"","neve_meta_disable_header":"","neve_meta_disable_footer":"","neve_meta_disable_title":"","cybocfi_hide_featured_image":""},"product_brand":[],"product_cat":[148],"product_tag":[],"class_list":{"0":"post-28310","1":"product","2":"type-product","3":"status-publish","4":"has-post-thumbnail","6":"product_cat-books","8":"first","9":"instock","10":"taxable","11":"shipping-taxable","12":"purchasable","13":"product-type-variable","14":"has-default-attributes"},"yoast_head":"<!-- This site is optimized with the Yoast SEO plugin v27.5 - https:\/\/yoast.com\/product\/yoast-seo-wordpress\/ -->\n<title>The Rage Letters<\/title>\n<meta name=\"description\" content=\"An exhausted security guard dreams of home. A sculptor and a pothead have great sex \u2014 in the shadow of wax ex-lovers. A diversity workshop devolves into a familiar nightmare.\" \/>\n<meta name=\"robots\" content=\"index, follow, max-snippet:-1, max-image-preview:large, max-video-preview:-1\" \/>\n<link rel=\"canonical\" href=\"https:\/\/metonymypress.com\/fr\/products\/the-rage-letters-bah\/\" \/>\n<meta property=\"og:locale\" content=\"fr_CA\" \/>\n<meta property=\"og:type\" content=\"article\" \/>\n<meta property=\"og:title\" content=\"The Rage Letters\" \/>\n<meta property=\"og:description\" content=\"An exhausted security guard dreams of home. A sculptor and a pothead have great sex \u2014 in the shadow of wax ex-lovers. A diversity workshop devolves into a familiar nightmare.\" \/>\n<meta property=\"og:url\" content=\"https:\/\/metonymypress.com\/fr\/products\/the-rage-letters-bah\/\" \/>\n<meta property=\"og:site_name\" content=\"Metonymy Press\" \/>\n<meta property=\"article:modified_time\" content=\"2026-02-05T20:31:38+00:00\" \/>\n<meta name=\"twitter:card\" content=\"summary_large_image\" \/>\n<meta name=\"twitter:label1\" content=\"Estimation du temps de lecture\" \/>\n\t<meta name=\"twitter:data1\" content=\"2 minutes\" \/>\n<script type=\"application\/ld+json\" class=\"yoast-schema-graph\">{\"@context\":\"https:\\\/\\\/schema.org\",\"@graph\":[{\"@type\":\"WebPage\",\"@id\":\"https:\\\/\\\/metonymypress.com\\\/products\\\/the-rage-letters-bah\\\/\",\"url\":\"https:\\\/\\\/metonymypress.com\\\/products\\\/the-rage-letters-bah\\\/\",\"name\":\"The Rage Letters\",\"isPartOf\":{\"@id\":\"https:\\\/\\\/metonymypress.com\\\/#website\"},\"primaryImageOfPage\":{\"@id\":\"https:\\\/\\\/metonymypress.com\\\/products\\\/the-rage-letters-bah\\\/#primaryimage\"},\"image\":{\"@id\":\"https:\\\/\\\/metonymypress.com\\\/products\\\/the-rage-letters-bah\\\/#primaryimage\"},\"thumbnailUrl\":\"https:\\\/\\\/metonymypress.com\\\/wp-content\\\/uploads\\\/2022\\\/09\\\/9781777485276-e1663350152374.jpg\",\"datePublished\":\"2022-12-05T18:56:20+00:00\",\"dateModified\":\"2026-02-05T20:31:38+00:00\",\"description\":\"An exhausted security guard dreams of home. A sculptor and a pothead have great sex \u2014 in the shadow of wax ex-lovers. A diversity workshop devolves into a familiar nightmare.\",\"breadcrumb\":{\"@id\":\"https:\\\/\\\/metonymypress.com\\\/products\\\/the-rage-letters-bah\\\/#breadcrumb\"},\"inLanguage\":\"fr-CA\",\"potentialAction\":[{\"@type\":\"ReadAction\",\"target\":[\"https:\\\/\\\/metonymypress.com\\\/products\\\/the-rage-letters-bah\\\/\"]}]},{\"@type\":\"ImageObject\",\"inLanguage\":\"fr-CA\",\"@id\":\"https:\\\/\\\/metonymypress.com\\\/products\\\/the-rage-letters-bah\\\/#primaryimage\",\"url\":\"https:\\\/\\\/metonymypress.com\\\/wp-content\\\/uploads\\\/2022\\\/09\\\/9781777485276-e1663350152374.jpg\",\"contentUrl\":\"https:\\\/\\\/metonymypress.com\\\/wp-content\\\/uploads\\\/2022\\\/09\\\/9781777485276-e1663350152374.jpg\",\"width\":1000,\"height\":1500,\"caption\":\"The Rage Letters book cover\"},{\"@type\":\"BreadcrumbList\",\"@id\":\"https:\\\/\\\/metonymypress.com\\\/products\\\/the-rage-letters-bah\\\/#breadcrumb\",\"itemListElement\":[{\"@type\":\"ListItem\",\"position\":1,\"name\":\"Home\",\"item\":\"https:\\\/\\\/metonymypress.com\\\/\"},{\"@type\":\"ListItem\",\"position\":2,\"name\":\"Products\",\"item\":\"https:\\\/\\\/metonymypress.com\\\/shop\\\/\"},{\"@type\":\"ListItem\",\"position\":3,\"name\":\"The Rage Letters\"}]},{\"@type\":\"WebSite\",\"@id\":\"https:\\\/\\\/metonymypress.com\\\/#website\",\"url\":\"https:\\\/\\\/metonymypress.com\\\/\",\"name\":\"Metonymy Press\",\"description\":\"\",\"publisher\":{\"@id\":\"https:\\\/\\\/metonymypress.com\\\/#organization\"},\"potentialAction\":[{\"@type\":\"SearchAction\",\"target\":{\"@type\":\"EntryPoint\",\"urlTemplate\":\"https:\\\/\\\/metonymypress.com\\\/?s={search_term_string}\"},\"query-input\":{\"@type\":\"PropertyValueSpecification\",\"valueRequired\":true,\"valueName\":\"search_term_string\"}}],\"inLanguage\":\"fr-CA\"},{\"@type\":\"Organization\",\"@id\":\"https:\\\/\\\/metonymypress.com\\\/#organization\",\"name\":\"Metonymy Press\",\"url\":\"https:\\\/\\\/metonymypress.com\\\/\",\"logo\":{\"@type\":\"ImageObject\",\"inLanguage\":\"fr-CA\",\"@id\":\"https:\\\/\\\/metonymypress.com\\\/#\\\/schema\\\/logo\\\/image\\\/\",\"url\":\"https:\\\/\\\/metonymypress.com\\\/wp-content\\\/uploads\\\/2019\\\/03\\\/metonymy_logo.jpg\",\"contentUrl\":\"https:\\\/\\\/metonymypress.com\\\/wp-content\\\/uploads\\\/2019\\\/03\\\/metonymy_logo.jpg\",\"width\":2423,\"height\":1013,\"caption\":\"Metonymy Press\"},\"image\":{\"@id\":\"https:\\\/\\\/metonymypress.com\\\/#\\\/schema\\\/logo\\\/image\\\/\"}}]}<\/script>\n<!-- \/ Yoast SEO plugin. -->","yoast_head_json":{"title":"The Rage Letters","description":"Un agent de s\u00e9curit\u00e9 \u00e9puis\u00e9 r\u00eave de rentrer chez lui. Une sculpteure et un\u00b7e poteux\u00b7se font l\u2019amour en compagnie d\u2019un groupe d\u2019ex-flammes en cire. Un atelier sur la diversit\u00e9 prend des allures de cauchemar familier.","robots":{"index":"index","follow":"follow","max-snippet":"max-snippet:-1","max-image-preview":"max-image-preview:large","max-video-preview":"max-video-preview:-1"},"canonical":"https:\/\/metonymypress.com\/fr\/products\/the-rage-letters-bah\/","og_locale":"fr_CA","og_type":"article","og_title":"The Rage Letters","og_description":"An exhausted security guard dreams of home. A sculptor and a pothead have great sex \u2014 in the shadow of wax ex-lovers. A diversity workshop devolves into a familiar nightmare.","og_url":"https:\/\/metonymypress.com\/fr\/products\/the-rage-letters-bah\/","og_site_name":"Metonymy Press","article_modified_time":"2026-02-05T20:31:38+00:00","twitter_card":"summary_large_image","twitter_misc":{"Estimation du temps de lecture":"2 minutes"},"schema":{"@context":"https:\/\/schema.org","@graph":[{"@type":"WebPage","@id":"https:\/\/metonymypress.com\/products\/the-rage-letters-bah\/","url":"https:\/\/metonymypress.com\/products\/the-rage-letters-bah\/","name":"The Rage Letters","isPartOf":{"@id":"https:\/\/metonymypress.com\/#website"},"primaryImageOfPage":{"@id":"https:\/\/metonymypress.com\/products\/the-rage-letters-bah\/#primaryimage"},"image":{"@id":"https:\/\/metonymypress.com\/products\/the-rage-letters-bah\/#primaryimage"},"thumbnailUrl":"https:\/\/metonymypress.com\/wp-content\/uploads\/2022\/09\/9781777485276-e1663350152374.jpg","datePublished":"2022-12-05T18:56:20+00:00","dateModified":"2026-02-05T20:31:38+00:00","description":"Un agent de s\u00e9curit\u00e9 \u00e9puis\u00e9 r\u00eave de rentrer chez lui. Une sculpteure et un\u00b7e poteux\u00b7se font l\u2019amour en compagnie d\u2019un groupe d\u2019ex-flammes en cire. Un atelier sur la diversit\u00e9 prend des allures de cauchemar familier.","breadcrumb":{"@id":"https:\/\/metonymypress.com\/products\/the-rage-letters-bah\/#breadcrumb"},"inLanguage":"fr-CA","potentialAction":[{"@type":"ReadAction","target":["https:\/\/metonymypress.com\/products\/the-rage-letters-bah\/"]}]},{"@type":"ImageObject","inLanguage":"fr-CA","@id":"https:\/\/metonymypress.com\/products\/the-rage-letters-bah\/#primaryimage","url":"https:\/\/metonymypress.com\/wp-content\/uploads\/2022\/09\/9781777485276-e1663350152374.jpg","contentUrl":"https:\/\/metonymypress.com\/wp-content\/uploads\/2022\/09\/9781777485276-e1663350152374.jpg","width":1000,"height":1500,"caption":"The Rage Letters book cover"},{"@type":"BreadcrumbList","@id":"https:\/\/metonymypress.com\/products\/the-rage-letters-bah\/#breadcrumb","itemListElement":[{"@type":"ListItem","position":1,"name":"Home","item":"https:\/\/metonymypress.com\/"},{"@type":"ListItem","position":2,"name":"Products","item":"https:\/\/metonymypress.com\/shop\/"},{"@type":"ListItem","position":3,"name":"The Rage Letters"}]},{"@type":"WebSite","@id":"https:\/\/metonymypress.com\/#website","url":"https:\/\/metonymypress.com\/","name":"\u00c9ditions M\u00e9tonymie","description":"","publisher":{"@id":"https:\/\/metonymypress.com\/#organization"},"potentialAction":[{"@type":"SearchAction","target":{"@type":"EntryPoint","urlTemplate":"https:\/\/metonymypress.com\/?s={search_term_string}"},"query-input":{"@type":"PropertyValueSpecification","valueRequired":true,"valueName":"search_term_string"}}],"inLanguage":"fr-CA"},{"@type":"Organization","@id":"https:\/\/metonymypress.com\/#organization","name":"\u00c9ditions M\u00e9tonymie","url":"https:\/\/metonymypress.com\/","logo":{"@type":"ImageObject","inLanguage":"fr-CA","@id":"https:\/\/metonymypress.com\/#\/schema\/logo\/image\/","url":"https:\/\/metonymypress.com\/wp-content\/uploads\/2019\/03\/metonymy_logo.jpg","contentUrl":"https:\/\/metonymypress.com\/wp-content\/uploads\/2019\/03\/metonymy_logo.jpg","width":2423,"height":1013,"caption":"Metonymy Press"},"image":{"@id":"https:\/\/metonymypress.com\/#\/schema\/logo\/image\/"}}]}},"_links":{"self":[{"href":"https:\/\/metonymypress.com\/fr\/wp-json\/wp\/v2\/product\/28310","targetHints":{"allow":["GET"]}}],"collection":[{"href":"https:\/\/metonymypress.com\/fr\/wp-json\/wp\/v2\/product"}],"about":[{"href":"https:\/\/metonymypress.com\/fr\/wp-json\/wp\/v2\/types\/product"}],"version-history":[{"count":7,"href":"https:\/\/metonymypress.com\/fr\/wp-json\/wp\/v2\/product\/28310\/revisions"}],"predecessor-version":[{"id":35114,"href":"https:\/\/metonymypress.com\/fr\/wp-json\/wp\/v2\/product\/28310\/revisions\/35114"}],"wp:featuredmedia":[{"embeddable":true,"href":"https:\/\/metonymypress.com\/fr\/wp-json\/wp\/v2\/media\/28207"}],"wp:attachment":[{"href":"https:\/\/metonymypress.com\/fr\/wp-json\/wp\/v2\/media?parent=28310"}],"wp:term":[{"taxonomy":"product_brand","embeddable":true,"href":"https:\/\/metonymypress.com\/fr\/wp-json\/wp\/v2\/product_brand?post=28310"},{"taxonomy":"product_cat","embeddable":true,"href":"https:\/\/metonymypress.com\/fr\/wp-json\/wp\/v2\/product_cat?post=28310"},{"taxonomy":"product_tag","embeddable":true,"href":"https:\/\/metonymypress.com\/fr\/wp-json\/wp\/v2\/product_tag?post=28310"}],"curies":[{"name":"wp","href":"https:\/\/api.w.org\/{rel}","templated":true}]}}