{"id":28312,"date":"2022-12-02T13:57:38","date_gmt":"2022-12-02T18:57:38","guid":{"rendered":"https:\/\/metonymypress.com\/?post_type=product&#038;p=28312"},"modified":"2026-02-05T16:13:02","modified_gmt":"2026-02-05T21:13:02","slug":"the-good-arabs-el-bechelany-lynch","status":"publish","type":"product","link":"https:\/\/metonymypress.com\/fr\/products\/the-good-arabs-el-bechelany-lynch\/","title":{"rendered":"The Good Arabs"},"content":{"rendered":"<p>&#8220;Original and fascinating in its design, this unclassifiable book written between poetry, narrative and conversations thinks our relationship to the world between private and political. The hybrid invents new spaces away from unique roots, between real and poetic space.&#8221;<br \/>\n<span class=\"xn-person\">\u2014Carole David<\/span>, <a href=\"https:\/\/www.newswire.ca\/news-releases\/montreal-awards-the-grand-prix-du-livre-de-montreal-2022-to-eli-tareq-el-bechelany-lynch-for-their-literary-work-the-good-arabs--824700087.html\">Grand Prix du livre jury chair<\/a><\/p>\n<p class=\"p1\">\u201d<i>The Good Arabs<\/i> is a collection of both verse and prose poems that explores place and belonging. The poems take readers from post-explosion Beirut to Montreal in the summer and reflect on communities, identity and families both biological and chosen.&#8221;<br \/>\n<span class=\"xn-person\">\u2014<\/span><a href=\"https:\/\/www.cbc.ca\/books\/45-canadian-poetry-collections-to-watch-for-in-fall-2021-1.6125796\"><em>CBC Books<\/em><\/a>, &#8220;45 Canadian poetry collections to watch for in fall 2021&#8221;<\/p>\n<p>&#8220;Reading El Bechelany-Lynch, you are reminded to come with tenderness to the work of ordinary things so that something larger and more lasting can begin.&#8221;<br \/>\n\u2014Canisia Lubrin, autrice de <em>The Dyzgraphxst<\/em><\/p>\n<p>&#8220;Everything about <em>The Good Arabs<\/em> is open-ended, curious, trying. El Bechelany-Lynch constructs a freeing poetic atmosphere, in which central concerns regarding spaces, family, tragedy, inheritance, and gender are swelling in the heat of each room.&#8221;<br \/>\n\u2014Emily Mernin, <a href=\"https:\/\/mtlreviewofbooks.ca\/reviews\/the-good-arabs\/\"><em>Montreal Review of Books<\/em><\/a><\/p>\n<p>&#8220;Eli Tareq El-Bechelany Lynch\u2019s <em>The Good Arabs<\/em> is a map of what it means to be queer, to be trans, to be Arab: from the hope of revolution to the Lebanese garbage crisis, of whiteness and its weight, of public space and private space and of eating pumpkin seeds on a summer balcony when the power is out. Even at its heaviest, this is a collection that insists on joy and on embodiment, reminding us that resistance can look like shaking one\u2019s hips to Nancy Ajram, too.&#8221;<br \/>\n\u2014Zeyn Joukhadar, author of<em> The Thirty Names of Night<\/em><\/p>\n<p class=\"p1\">&#8220;Eli Tareq El Bechelany-Lynch&#8217;s exceptional<i> The Good Arab<\/i>s is an invitation to consider the \u2018cost\u2019 of living one&#8217;s truth and what it might mean to remember what has always been known. Their work holds an intimacy as if we are overhearing a phone conversation or the author speaking on a balcony above us. \u2018Noises impossible in English\u2019 come through here, wrought in a mind attuned to tenderness and present conflicts. This is a bold and deeply necessary work. I am better for having read it.&#8221;<br \/>\n\u2014Liz Howard, autrice de <i>Infinite Citizen of the Shaking Tent<\/i>laur\u00e9ate du prix Griffin pour la po\u00e9sie 2016<\/p>\n<p>Autaire: <a href=\"https:\/\/twitter.com\/theonlyelitareq\" target=\"_blank\" rel=\"noopener\">Eli Tareq El-Bechelany Lynch<\/a><\/p>\n<p>Couverture : Lee Lai<\/p>\n<p>Design: LOKI<\/p>","protected":false},"excerpt":{"rendered":"<p>Disponible en format papier (pour les personnes r\u00e9sidant au Canada et aux \u00c9tats-Unis), PDF (disponible partout), et EPUB (disponible partout).<\/p>\n<p>by Eli Tareq El Bechelany-Lynch<\/p>\n<p>Automne 2021<\/p>\n<p><strong>Laur\u00e9at, Grand Prix du livre de Montr\u00e9al<\/strong><br \/>\n<strong>Mention, liste de recommandation The Globe 100 : The Books We Loved in 2021<\/strong><br \/>\n<strong>Mention honorable, prix du livre arabo-am\u00e9ricain<\/strong><br \/>\n<strong>Mention honorable, prix Khayrallah<\/strong><br \/>\n<strong>Finaliste, prix Nouvel Apport Metropolis bleu<\/strong><\/p>\n<p>The <em>The Good Arabs<\/em> se situent \u00e0 l\u2019intersection du lieu, de la langue et du corps. \u00c9plucher et rincer des radis. Une pr\u00e9-adolescence pass\u00e9e \u00e0 danser sur du Nancy Ajram. Ne pas pouvoir \u00e9chapper au regard des autres dans le transport en commun. Le recueil rend hommage \u00e0 la diversit\u00e9 des communaut\u00e9s revendiqu\u00e9es par El Bechelany-Lynch, \u00e0 ses environnements g\u00e9ographiques \u00e0 la fois vastes et pr\u00e9cis, et \u00e0 sa famille autant biologique que choisie.<\/p>\n<p><em>The Good Arabs<\/em> nous invite \u00e0 r\u00e9fl\u00e9chir aux cycles et aux sch\u00e9mas r\u00e9p\u00e9titifs qui caract\u00e9risent nos vies et celles de nos nations bris\u00e9es. Cette \u0153uvre in\u00e9dite cartographie les identit\u00e9s arabe et trans \u00e0 travers l\u2019immensit\u00e9 de l\u2019exp\u00e9rience ressentie dans un m\u00eame corps, le chagrin des personnes d\u00e9\u00e7ues par leur pays, et la crise des ordures au Liban. En fin de compte, elle nous montre comment nous pouvons aimer malgr\u00e9 la consternation, adorer l\u2019\u00e2cret\u00e9 et la laideur, et vivre notre multiplicit\u00e9 \u00e0 travers les espaces.<\/p>\n<p><strong>Eli Tareq El Bechelany-Lynch<\/strong> est un \u00e9crivain qui vit \u00e0 Tio\u2019ti\u00e0:ke. Ses \u00e9crits ont \u00e9t\u00e9 publi\u00e9s dans <i>dans l'anthologie<\/i> The Best Canadian Poetry 2018, <i>GUTS<\/i>, <i>carte blanche<\/i>, the <i>Shade Journal<\/i>, <i>The New Quarterly<\/i>, <i>Arc Poetry Magazine<\/i>, et ailleurs. Son po\u00e8me Nancy Ajram Made Me Gay a \u00e9t\u00e9 nomin\u00e9 pour le prix de po\u00e9sie de la CBC en 2019. Son livre <i>knot body<\/i> (2020), publi\u00e9 par Metatron Press, a \u00e9t\u00e9 en lice pour le prix du premier livre de l\u2019Universit\u00e9 Concordia de la F\u00e9d\u00e9ration des \u00e9crivains du Qu\u00e9bec. <i>The Good Arabs<\/i> (2021), publi\u00e9 par les \u00c9ditions M\u00e9tonymie, a remport\u00e9 le Grand Prix du livre de Montr\u00e9al 2022 et a re\u00e7u une mention honorable lors de l\u2019\u00e9dition 2022 des Prix du livre arabo-am\u00e9ricain pour le prix de po\u00e9sie George-Ellenbogen.<\/p>\n<p><a href=\"https:\/\/www.indiebookstores.ca\/book\/1999058895\" target=\"_blank\" rel=\"noopener\"><img decoding=\"async\" class=\"alignleft wp-image-29577 size-medium\" src=\"https:\/\/metonymypress.com\/wp-content\/uploads\/2022\/12\/IBCA-Button-2-Full-Colour-300x69.png\" alt=\"\" width=\"300\" height=\"69\" srcset=\"https:\/\/metonymypress.com\/wp-content\/uploads\/2022\/12\/IBCA-Button-2-Full-Colour-300x69.png 300w, https:\/\/metonymypress.com\/wp-content\/uploads\/2022\/12\/IBCA-Button-2-Full-Colour-800x184.png 800w, https:\/\/metonymypress.com\/wp-content\/uploads\/2022\/12\/IBCA-Button-2-Full-Colour-768x176.png 768w, https:\/\/metonymypress.com\/wp-content\/uploads\/2022\/12\/IBCA-Button-2-Full-Colour.png 1001w\" sizes=\"(max-width: 300px) 100vw, 300px\" \/><\/a><\/p>","protected":false},"featured_media":26716,"template":"","meta":{"give_campaign_id":0,"neve_meta_sidebar":"","neve_meta_container":"","neve_meta_enable_content_width":"off","neve_meta_content_width":70,"neve_meta_title_alignment":"","neve_meta_author_avatar":"","neve_post_elements_order":"","neve_meta_disable_header":"","neve_meta_disable_footer":"","neve_meta_disable_title":"","cybocfi_hide_featured_image":""},"product_brand":[],"product_cat":[148],"product_tag":[],"class_list":{"0":"post-28312","1":"product","2":"type-product","3":"status-publish","4":"has-post-thumbnail","6":"product_cat-books","8":"first","9":"instock","10":"taxable","11":"shipping-taxable","12":"purchasable","13":"product-type-variable","14":"has-default-attributes"},"yoast_head":"<!-- This site is optimized with the Yoast SEO plugin v27.5 - https:\/\/yoast.com\/product\/yoast-seo-wordpress\/ -->\n<title>The Good Arabs<\/title>\n<meta name=\"description\" content=\"Oscillating between post-explosion Beirut to a Parc-Extension balcony in summer, the verse and prose poems in The Good Arabs ground the reader in place, language, and the body. The collection is an interlocking and rich offering of the speaker\u2019s communities, geographical surroundings both expansive and precise, and family both biological and chosen.\" \/>\n<meta name=\"robots\" content=\"index, follow, max-snippet:-1, max-image-preview:large, max-video-preview:-1\" \/>\n<link rel=\"canonical\" href=\"https:\/\/metonymypress.com\/fr\/products\/the-good-arabs-el-bechelany-lynch\/\" \/>\n<meta property=\"og:locale\" content=\"fr_CA\" \/>\n<meta property=\"og:type\" content=\"article\" \/>\n<meta property=\"og:title\" content=\"The Good Arabs\" \/>\n<meta property=\"og:description\" content=\"Oscillating between post-explosion Beirut to a Parc-Extension balcony in summer, the verse and prose poems in The Good Arabs ground the reader in place, language, and the body. The collection is an interlocking and rich offering of the speaker\u2019s communities, geographical surroundings both expansive and precise, and family both biological and chosen.\" \/>\n<meta property=\"og:url\" content=\"https:\/\/metonymypress.com\/fr\/products\/the-good-arabs-el-bechelany-lynch\/\" \/>\n<meta property=\"og:site_name\" content=\"Metonymy Press\" \/>\n<meta property=\"article:modified_time\" content=\"2026-02-05T21:13:02+00:00\" \/>\n<meta property=\"og:image\" content=\"https:\/\/metonymypress.com\/wp-content\/uploads\/2021\/04\/9781999058890.jpg\" \/>\n\t<meta property=\"og:image:width\" content=\"1800\" \/>\n\t<meta property=\"og:image:height\" content=\"2400\" \/>\n\t<meta property=\"og:image:type\" content=\"image\/jpeg\" \/>\n<meta name=\"twitter:card\" content=\"summary_large_image\" \/>\n<meta name=\"twitter:label1\" content=\"Estimation du temps de lecture\" \/>\n\t<meta name=\"twitter:data1\" content=\"2 minutes\" \/>\n<script type=\"application\/ld+json\" class=\"yoast-schema-graph\">{\"@context\":\"https:\\\/\\\/schema.org\",\"@graph\":[{\"@type\":\"WebPage\",\"@id\":\"https:\\\/\\\/metonymypress.com\\\/products\\\/the-good-arabs-el-bechelany-lynch\\\/\",\"url\":\"https:\\\/\\\/metonymypress.com\\\/products\\\/the-good-arabs-el-bechelany-lynch\\\/\",\"name\":\"The Good Arabs\",\"isPartOf\":{\"@id\":\"https:\\\/\\\/metonymypress.com\\\/#website\"},\"primaryImageOfPage\":{\"@id\":\"https:\\\/\\\/metonymypress.com\\\/products\\\/the-good-arabs-el-bechelany-lynch\\\/#primaryimage\"},\"image\":{\"@id\":\"https:\\\/\\\/metonymypress.com\\\/products\\\/the-good-arabs-el-bechelany-lynch\\\/#primaryimage\"},\"thumbnailUrl\":\"https:\\\/\\\/metonymypress.com\\\/wp-content\\\/uploads\\\/2021\\\/04\\\/9781999058890.jpg\",\"datePublished\":\"2022-12-02T18:57:38+00:00\",\"dateModified\":\"2026-02-05T21:13:02+00:00\",\"description\":\"Oscillating between post-explosion Beirut to a Parc-Extension balcony in summer, the verse and prose poems in The Good Arabs ground the reader in place, language, and the body. The collection is an interlocking and rich offering of the speaker\u2019s communities, geographical surroundings both expansive and precise, and family both biological and chosen.\",\"breadcrumb\":{\"@id\":\"https:\\\/\\\/metonymypress.com\\\/products\\\/the-good-arabs-el-bechelany-lynch\\\/#breadcrumb\"},\"inLanguage\":\"fr-CA\",\"potentialAction\":[{\"@type\":\"ReadAction\",\"target\":[\"https:\\\/\\\/metonymypress.com\\\/products\\\/the-good-arabs-el-bechelany-lynch\\\/\"]}]},{\"@type\":\"ImageObject\",\"inLanguage\":\"fr-CA\",\"@id\":\"https:\\\/\\\/metonymypress.com\\\/products\\\/the-good-arabs-el-bechelany-lynch\\\/#primaryimage\",\"url\":\"https:\\\/\\\/metonymypress.com\\\/wp-content\\\/uploads\\\/2021\\\/04\\\/9781999058890.jpg\",\"contentUrl\":\"https:\\\/\\\/metonymypress.com\\\/wp-content\\\/uploads\\\/2021\\\/04\\\/9781999058890.jpg\",\"width\":1800,\"height\":2400,\"caption\":\"The Good Arabs front cover\"},{\"@type\":\"BreadcrumbList\",\"@id\":\"https:\\\/\\\/metonymypress.com\\\/products\\\/the-good-arabs-el-bechelany-lynch\\\/#breadcrumb\",\"itemListElement\":[{\"@type\":\"ListItem\",\"position\":1,\"name\":\"Home\",\"item\":\"https:\\\/\\\/metonymypress.com\\\/\"},{\"@type\":\"ListItem\",\"position\":2,\"name\":\"Products\",\"item\":\"https:\\\/\\\/metonymypress.com\\\/shop\\\/\"},{\"@type\":\"ListItem\",\"position\":3,\"name\":\"The Good Arabs\"}]},{\"@type\":\"WebSite\",\"@id\":\"https:\\\/\\\/metonymypress.com\\\/#website\",\"url\":\"https:\\\/\\\/metonymypress.com\\\/\",\"name\":\"Metonymy Press\",\"description\":\"\",\"publisher\":{\"@id\":\"https:\\\/\\\/metonymypress.com\\\/#organization\"},\"potentialAction\":[{\"@type\":\"SearchAction\",\"target\":{\"@type\":\"EntryPoint\",\"urlTemplate\":\"https:\\\/\\\/metonymypress.com\\\/?s={search_term_string}\"},\"query-input\":{\"@type\":\"PropertyValueSpecification\",\"valueRequired\":true,\"valueName\":\"search_term_string\"}}],\"inLanguage\":\"fr-CA\"},{\"@type\":\"Organization\",\"@id\":\"https:\\\/\\\/metonymypress.com\\\/#organization\",\"name\":\"Metonymy Press\",\"url\":\"https:\\\/\\\/metonymypress.com\\\/\",\"logo\":{\"@type\":\"ImageObject\",\"inLanguage\":\"fr-CA\",\"@id\":\"https:\\\/\\\/metonymypress.com\\\/#\\\/schema\\\/logo\\\/image\\\/\",\"url\":\"https:\\\/\\\/metonymypress.com\\\/wp-content\\\/uploads\\\/2019\\\/03\\\/metonymy_logo.jpg\",\"contentUrl\":\"https:\\\/\\\/metonymypress.com\\\/wp-content\\\/uploads\\\/2019\\\/03\\\/metonymy_logo.jpg\",\"width\":2423,\"height\":1013,\"caption\":\"Metonymy Press\"},\"image\":{\"@id\":\"https:\\\/\\\/metonymypress.com\\\/#\\\/schema\\\/logo\\\/image\\\/\"}}]}<\/script>\n<!-- \/ Yoast SEO plugin. -->","yoast_head_json":{"title":"The Good Arabs","description":"Oscillating between post-explosion Beirut to a Parc-Extension balcony in summer, the verse and prose poems in The Good Arabs ground the reader in place, language, and the body. The collection is an interlocking and rich offering of the speaker\u2019s communities, geographical surroundings both expansive and precise, and family both biological and chosen.","robots":{"index":"index","follow":"follow","max-snippet":"max-snippet:-1","max-image-preview":"max-image-preview:large","max-video-preview":"max-video-preview:-1"},"canonical":"https:\/\/metonymypress.com\/fr\/products\/the-good-arabs-el-bechelany-lynch\/","og_locale":"fr_CA","og_type":"article","og_title":"The Good Arabs","og_description":"Oscillating between post-explosion Beirut to a Parc-Extension balcony in summer, the verse and prose poems in The Good Arabs ground the reader in place, language, and the body. The collection is an interlocking and rich offering of the speaker\u2019s communities, geographical surroundings both expansive and precise, and family both biological and chosen.","og_url":"https:\/\/metonymypress.com\/fr\/products\/the-good-arabs-el-bechelany-lynch\/","og_site_name":"Metonymy Press","article_modified_time":"2026-02-05T21:13:02+00:00","og_image":[{"width":1800,"height":2400,"url":"https:\/\/metonymypress.com\/wp-content\/uploads\/2021\/04\/9781999058890.jpg","type":"image\/jpeg"}],"twitter_card":"summary_large_image","twitter_misc":{"Estimation du temps de lecture":"2 minutes"},"schema":{"@context":"https:\/\/schema.org","@graph":[{"@type":"WebPage","@id":"https:\/\/metonymypress.com\/products\/the-good-arabs-el-bechelany-lynch\/","url":"https:\/\/metonymypress.com\/products\/the-good-arabs-el-bechelany-lynch\/","name":"The Good Arabs","isPartOf":{"@id":"https:\/\/metonymypress.com\/#website"},"primaryImageOfPage":{"@id":"https:\/\/metonymypress.com\/products\/the-good-arabs-el-bechelany-lynch\/#primaryimage"},"image":{"@id":"https:\/\/metonymypress.com\/products\/the-good-arabs-el-bechelany-lynch\/#primaryimage"},"thumbnailUrl":"https:\/\/metonymypress.com\/wp-content\/uploads\/2021\/04\/9781999058890.jpg","datePublished":"2022-12-02T18:57:38+00:00","dateModified":"2026-02-05T21:13:02+00:00","description":"Oscillating between post-explosion Beirut to a Parc-Extension balcony in summer, the verse and prose poems in The Good Arabs ground the reader in place, language, and the body. The collection is an interlocking and rich offering of the speaker\u2019s communities, geographical surroundings both expansive and precise, and family both biological and chosen.","breadcrumb":{"@id":"https:\/\/metonymypress.com\/products\/the-good-arabs-el-bechelany-lynch\/#breadcrumb"},"inLanguage":"fr-CA","potentialAction":[{"@type":"ReadAction","target":["https:\/\/metonymypress.com\/products\/the-good-arabs-el-bechelany-lynch\/"]}]},{"@type":"ImageObject","inLanguage":"fr-CA","@id":"https:\/\/metonymypress.com\/products\/the-good-arabs-el-bechelany-lynch\/#primaryimage","url":"https:\/\/metonymypress.com\/wp-content\/uploads\/2021\/04\/9781999058890.jpg","contentUrl":"https:\/\/metonymypress.com\/wp-content\/uploads\/2021\/04\/9781999058890.jpg","width":1800,"height":2400,"caption":"The Good Arabs front cover"},{"@type":"BreadcrumbList","@id":"https:\/\/metonymypress.com\/products\/the-good-arabs-el-bechelany-lynch\/#breadcrumb","itemListElement":[{"@type":"ListItem","position":1,"name":"Home","item":"https:\/\/metonymypress.com\/"},{"@type":"ListItem","position":2,"name":"Products","item":"https:\/\/metonymypress.com\/shop\/"},{"@type":"ListItem","position":3,"name":"The Good Arabs"}]},{"@type":"WebSite","@id":"https:\/\/metonymypress.com\/#website","url":"https:\/\/metonymypress.com\/","name":"\u00c9ditions M\u00e9tonymie","description":"","publisher":{"@id":"https:\/\/metonymypress.com\/#organization"},"potentialAction":[{"@type":"SearchAction","target":{"@type":"EntryPoint","urlTemplate":"https:\/\/metonymypress.com\/?s={search_term_string}"},"query-input":{"@type":"PropertyValueSpecification","valueRequired":true,"valueName":"search_term_string"}}],"inLanguage":"fr-CA"},{"@type":"Organization","@id":"https:\/\/metonymypress.com\/#organization","name":"\u00c9ditions M\u00e9tonymie","url":"https:\/\/metonymypress.com\/","logo":{"@type":"ImageObject","inLanguage":"fr-CA","@id":"https:\/\/metonymypress.com\/#\/schema\/logo\/image\/","url":"https:\/\/metonymypress.com\/wp-content\/uploads\/2019\/03\/metonymy_logo.jpg","contentUrl":"https:\/\/metonymypress.com\/wp-content\/uploads\/2019\/03\/metonymy_logo.jpg","width":2423,"height":1013,"caption":"Metonymy Press"},"image":{"@id":"https:\/\/metonymypress.com\/#\/schema\/logo\/image\/"}}]}},"_links":{"self":[{"href":"https:\/\/metonymypress.com\/fr\/wp-json\/wp\/v2\/product\/28312","targetHints":{"allow":["GET"]}}],"collection":[{"href":"https:\/\/metonymypress.com\/fr\/wp-json\/wp\/v2\/product"}],"about":[{"href":"https:\/\/metonymypress.com\/fr\/wp-json\/wp\/v2\/types\/product"}],"version-history":[{"count":6,"href":"https:\/\/metonymypress.com\/fr\/wp-json\/wp\/v2\/product\/28312\/revisions"}],"predecessor-version":[{"id":35115,"href":"https:\/\/metonymypress.com\/fr\/wp-json\/wp\/v2\/product\/28312\/revisions\/35115"}],"wp:featuredmedia":[{"embeddable":true,"href":"https:\/\/metonymypress.com\/fr\/wp-json\/wp\/v2\/media\/26716"}],"wp:attachment":[{"href":"https:\/\/metonymypress.com\/fr\/wp-json\/wp\/v2\/media?parent=28312"}],"wp:term":[{"taxonomy":"product_brand","embeddable":true,"href":"https:\/\/metonymypress.com\/fr\/wp-json\/wp\/v2\/product_brand?post=28312"},{"taxonomy":"product_cat","embeddable":true,"href":"https:\/\/metonymypress.com\/fr\/wp-json\/wp\/v2\/product_cat?post=28312"},{"taxonomy":"product_tag","embeddable":true,"href":"https:\/\/metonymypress.com\/fr\/wp-json\/wp\/v2\/product_tag?post=28312"}],"curies":[{"name":"wp","href":"https:\/\/api.w.org\/{rel}","templated":true}]}}