{"id":28351,"date":"2022-11-02T15:41:03","date_gmt":"2022-11-02T20:41:03","guid":{"rendered":"https:\/\/metonymypress.com\/?post_type=product&#038;p=28351"},"modified":"2025-12-17T11:41:33","modified_gmt":"2025-12-17T16:41:33","slug":"she-is-sitting-in-the-night-re-visioning-theas-tarot-pickle-west","status":"publish","type":"product","link":"https:\/\/metonymypress.com\/fr\/products\/she-is-sitting-in-the-night-re-visioning-theas-tarot-pickle-west\/","title":{"rendered":"She Is Sitting in the Night: Re-visioning Thea&#8217;s Tarot"},"content":{"rendered":"<p><span style=\"font-weight: 400;\">Le tarot, comme d\u2019autres pratiques occultes, conna\u00eet une r\u00e9surgence au sein des communaut\u00e9s queer, mais ses adeptes se retrouvent souvent \u00e0 r\u00e9viser les textes interpr\u00e9tatifs pour les adapter \u00e0 leurs r\u00e9alit\u00e9s. En proposant un jeu de cartes plus ancien et en incitant les gens \u00e0 d\u00e9velopper des fa\u00e7ons modernes et red\u00e9finies d\u2019interpr\u00e9ter ses images et la signification des cartes en g\u00e9n\u00e9ral, <\/span><i><span style=\"font-weight: 400;\">She Is Sitting in the Night<\/span><\/i><span style=\"font-weight: 400;\"> est un ouvrage accessible, inform\u00e9 et esth\u00e9tiquement attrayant dont les adeptes de tarot ainsi que les communaut\u00e9s f\u00e9ministes et queer ont grandement besoin.<\/span><\/p>\n<p><span style=\"font-weight: 400;\">\u201cA beautifully crafted book, one that is filled with stirring images that are accompanied by an interesting exploration of symbolism that will provoke thought in even the most casual of readers.\u201d \u2014<a href=\"http:\/\/apt613.ca\/success-in-the-cards-for-metonymy-a-queer-revisioning-of-theas-tarot\/\" target=\"_blank\" rel=\"noopener noreferrer\">apt613<\/a> <\/span><\/p>\n<p><span style=\"font-weight: 400;\">\u201cThere was just so much amazing writing to sift through, I didn\u2019t know where to start. This is a beautifully-written, generous, thoughtful book filled with ideas for working with your cards in a more radical\/queer way.\u201d \u2014<a href=\"http:\/\/littleredtarot.com\/she-is-sitting-in-the-night-theas-tarot-queer-lens\/\" target=\"_blank\" rel=\"noopener noreferrer\">Little Red Tarot<\/a> <\/span><\/p>\n<p><span style=\"font-weight: 400;\">\u201cThe descriptions are a mix of charm, thoughtfulness, and humour which make for an insightful, meaningful, political, but also sometimes very light hearted read.\u201d \u2014<a href=\"http:\/\/www.spiralnature.com\/culture\/she-is-sitting-in-the-night\" target=\"_blank\" rel=\"noopener noreferrer\">Spiral Nature<\/a> <\/span><\/p>\n<p><span style=\"font-weight: 400;\">\u201cAn important document, a conversation across generations of feminism and LGBTQ politics.\u201d \u2014<a href=\"https:\/\/www.autostraddle.com\/fools-journey-she-is-sitting-in-the-night-is-the-queer-tarot-book-youve-been-waiting-for-308315\/\" target=\"_blank\" rel=\"noopener noreferrer\">Autostraddle<\/a> <\/span><\/p>\n<p>Autaire: <a href=\"http:\/\/metonymypress.com\/fr\/press-kit\/\" target=\"_blank\" rel=\"noopener noreferrer\">Oliver Pickle<\/a><\/p>\n<p>Couverture: <a href=\"http:\/\/www.ruthwest.com\/\" target=\"_blank\" rel=\"noopener noreferrer\">Ruth West<\/a><\/p>\n<p>Design: Nazik Dakkach<\/p>","protected":false},"excerpt":{"rendered":"<p>Disponible en format papier (pour les personnes r\u00e9sidant au Canada et aux \u00c9tats-Unis), PDF (disponible partout), et EPUB (disponible partout).<\/p>\n<p>de Oliver Pickle<\/p>\n<p>Art par Ruth West<\/p>\n<p>Printemps 2015<\/p>\n<p><em>She Is Sitting in the Night<\/em> est une r\u00e9interpr\u00e9tation queer contemporaine d\u2019un magnifique jeu de tarot f\u00e9ministe des ann\u00e9es 1980 qui documente une conversation \u00e0 travers les g\u00e9n\u00e9rations et les m\u00e9diums. C\u2019est \u00e0 la fois un instrument de lecture du tarot et une c\u00e9l\u00e9bration de la production culturelle queer et f\u00e9ministe, tant pass\u00e9e que contemporaine.<\/p>\n<p><strong>Le <a href=\"https:\/\/metonymypress.com\/fr\/products\/theas-tarot\/\">tarot de Thea<\/a> est malheureusement en rupture de stock \ud83d\ude41. Nous ignorons quand une nouvelle impression aura lieu, mais nous nous efforcerons de vous en informer si\/quand cela se concr\u00e9tise!<\/strong><\/p>\n<p><a href=\"https:\/\/www.indiebookstores.ca\/book\/9780994047106\" target=\"_blank\" rel=\"noopener\"><img decoding=\"async\" class=\"alignleft wp-image-29577 size-medium\" src=\"https:\/\/metonymypress.com\/wp-content\/uploads\/2022\/12\/IBCA-Button-2-Full-Colour-300x69.png\" alt=\"\" width=\"300\" height=\"69\" srcset=\"https:\/\/metonymypress.com\/wp-content\/uploads\/2022\/12\/IBCA-Button-2-Full-Colour-300x69.png 300w, https:\/\/metonymypress.com\/wp-content\/uploads\/2022\/12\/IBCA-Button-2-Full-Colour-800x184.png 800w, https:\/\/metonymypress.com\/wp-content\/uploads\/2022\/12\/IBCA-Button-2-Full-Colour-768x176.png 768w, https:\/\/metonymypress.com\/wp-content\/uploads\/2022\/12\/IBCA-Button-2-Full-Colour.png 1001w\" sizes=\"(max-width: 300px) 100vw, 300px\" \/><\/a><\/p>\n<hr \/>","protected":false},"featured_media":21776,"template":"","meta":{"give_campaign_id":0,"neve_meta_sidebar":"","neve_meta_container":"","neve_meta_enable_content_width":"off","neve_meta_content_width":70,"neve_meta_title_alignment":"","neve_meta_author_avatar":"","neve_post_elements_order":"","neve_meta_disable_header":"","neve_meta_disable_footer":"","neve_meta_disable_title":"","cybocfi_hide_featured_image":""},"product_brand":[],"product_cat":[148],"product_tag":[],"class_list":{"0":"post-28351","1":"product","2":"type-product","3":"status-publish","4":"has-post-thumbnail","6":"product_cat-books","8":"first","9":"instock","10":"taxable","11":"shipping-taxable","12":"purchasable","13":"product-type-variable","14":"has-default-attributes"},"yoast_head":"<!-- This site is optimized with the Yoast SEO plugin v27.5 - https:\/\/yoast.com\/product\/yoast-seo-wordpress\/ -->\n<title>She Is Sitting in the Night: Re-visioning Thea&#039;s Tarot - Metonymy Press<\/title>\n<meta name=\"description\" content=\"A contemporary queer re-visioning of a beautiful feminist tarot deck from the 80s that documents a conversation across generations and mediums. It is simultaneously a tool for tarot reading and a celebration of queer and feminist cultural production.\" \/>\n<meta name=\"robots\" content=\"index, follow, max-snippet:-1, max-image-preview:large, max-video-preview:-1\" \/>\n<link rel=\"canonical\" href=\"https:\/\/metonymypress.com\/fr\/products\/she-is-sitting-in-the-night-re-visioning-theas-tarot-pickle-west\/\" \/>\n<meta property=\"og:locale\" content=\"fr_CA\" \/>\n<meta property=\"og:type\" content=\"article\" \/>\n<meta property=\"og:title\" content=\"She Is Sitting in the Night: Re-visioning Thea&#039;s Tarot - Metonymy Press\" \/>\n<meta property=\"og:description\" content=\"A contemporary queer re-visioning of a beautiful feminist tarot deck from the 80s that documents a conversation across generations and mediums. It is simultaneously a tool for tarot reading and a celebration of queer and feminist cultural production.\" \/>\n<meta property=\"og:url\" content=\"https:\/\/metonymypress.com\/fr\/products\/she-is-sitting-in-the-night-re-visioning-theas-tarot-pickle-west\/\" \/>\n<meta property=\"og:site_name\" content=\"Metonymy Press\" \/>\n<meta property=\"article:modified_time\" content=\"2025-12-17T16:41:33+00:00\" \/>\n<meta property=\"og:image\" content=\"https:\/\/metonymypress.com\/wp-content\/uploads\/2014\/06\/frontcover.jpg\" \/>\n\t<meta property=\"og:image:width\" content=\"467\" \/>\n\t<meta property=\"og:image:height\" content=\"564\" \/>\n\t<meta property=\"og:image:type\" content=\"image\/jpeg\" \/>\n<meta name=\"twitter:card\" content=\"summary_large_image\" \/>\n<meta name=\"twitter:label1\" content=\"Estimation du temps de lecture\" \/>\n\t<meta name=\"twitter:data1\" content=\"2 minutes\" \/>\n<script type=\"application\/ld+json\" class=\"yoast-schema-graph\">{\"@context\":\"https:\\\/\\\/schema.org\",\"@graph\":[{\"@type\":\"WebPage\",\"@id\":\"https:\\\/\\\/metonymypress.com\\\/products\\\/she-is-sitting-in-the-night-re-visioning-theas-tarot-pickle-west\\\/\",\"url\":\"https:\\\/\\\/metonymypress.com\\\/products\\\/she-is-sitting-in-the-night-re-visioning-theas-tarot-pickle-west\\\/\",\"name\":\"She Is Sitting in the Night: Re-visioning Thea's Tarot - Metonymy Press\",\"isPartOf\":{\"@id\":\"https:\\\/\\\/metonymypress.com\\\/#website\"},\"primaryImageOfPage\":{\"@id\":\"https:\\\/\\\/metonymypress.com\\\/products\\\/she-is-sitting-in-the-night-re-visioning-theas-tarot-pickle-west\\\/#primaryimage\"},\"image\":{\"@id\":\"https:\\\/\\\/metonymypress.com\\\/products\\\/she-is-sitting-in-the-night-re-visioning-theas-tarot-pickle-west\\\/#primaryimage\"},\"thumbnailUrl\":\"https:\\\/\\\/metonymypress.com\\\/wp-content\\\/uploads\\\/2014\\\/06\\\/frontcover.jpg\",\"datePublished\":\"2022-11-02T20:41:03+00:00\",\"dateModified\":\"2025-12-17T16:41:33+00:00\",\"description\":\"A contemporary queer re-visioning of a beautiful feminist tarot deck from the 80s that documents a conversation across generations and mediums. It is simultaneously a tool for tarot reading and a celebration of queer and feminist cultural production.\",\"breadcrumb\":{\"@id\":\"https:\\\/\\\/metonymypress.com\\\/products\\\/she-is-sitting-in-the-night-re-visioning-theas-tarot-pickle-west\\\/#breadcrumb\"},\"inLanguage\":\"fr-CA\",\"potentialAction\":[{\"@type\":\"ReadAction\",\"target\":[\"https:\\\/\\\/metonymypress.com\\\/products\\\/she-is-sitting-in-the-night-re-visioning-theas-tarot-pickle-west\\\/\"]}]},{\"@type\":\"ImageObject\",\"inLanguage\":\"fr-CA\",\"@id\":\"https:\\\/\\\/metonymypress.com\\\/products\\\/she-is-sitting-in-the-night-re-visioning-theas-tarot-pickle-west\\\/#primaryimage\",\"url\":\"https:\\\/\\\/metonymypress.com\\\/wp-content\\\/uploads\\\/2014\\\/06\\\/frontcover.jpg\",\"contentUrl\":\"https:\\\/\\\/metonymypress.com\\\/wp-content\\\/uploads\\\/2014\\\/06\\\/frontcover.jpg\",\"width\":467,\"height\":564,\"caption\":\"Artwork by Ruth West, cover design by Nazik Dakkach\"},{\"@type\":\"BreadcrumbList\",\"@id\":\"https:\\\/\\\/metonymypress.com\\\/products\\\/she-is-sitting-in-the-night-re-visioning-theas-tarot-pickle-west\\\/#breadcrumb\",\"itemListElement\":[{\"@type\":\"ListItem\",\"position\":1,\"name\":\"Home\",\"item\":\"https:\\\/\\\/metonymypress.com\\\/\"},{\"@type\":\"ListItem\",\"position\":2,\"name\":\"Products\",\"item\":\"https:\\\/\\\/metonymypress.com\\\/shop\\\/\"},{\"@type\":\"ListItem\",\"position\":3,\"name\":\"She Is Sitting in the Night: Re-visioning Thea&#8217;s Tarot\"}]},{\"@type\":\"WebSite\",\"@id\":\"https:\\\/\\\/metonymypress.com\\\/#website\",\"url\":\"https:\\\/\\\/metonymypress.com\\\/\",\"name\":\"Metonymy Press\",\"description\":\"\",\"publisher\":{\"@id\":\"https:\\\/\\\/metonymypress.com\\\/#organization\"},\"potentialAction\":[{\"@type\":\"SearchAction\",\"target\":{\"@type\":\"EntryPoint\",\"urlTemplate\":\"https:\\\/\\\/metonymypress.com\\\/?s={search_term_string}\"},\"query-input\":{\"@type\":\"PropertyValueSpecification\",\"valueRequired\":true,\"valueName\":\"search_term_string\"}}],\"inLanguage\":\"fr-CA\"},{\"@type\":\"Organization\",\"@id\":\"https:\\\/\\\/metonymypress.com\\\/#organization\",\"name\":\"Metonymy Press\",\"url\":\"https:\\\/\\\/metonymypress.com\\\/\",\"logo\":{\"@type\":\"ImageObject\",\"inLanguage\":\"fr-CA\",\"@id\":\"https:\\\/\\\/metonymypress.com\\\/#\\\/schema\\\/logo\\\/image\\\/\",\"url\":\"https:\\\/\\\/metonymypress.com\\\/wp-content\\\/uploads\\\/2019\\\/03\\\/metonymy_logo.jpg\",\"contentUrl\":\"https:\\\/\\\/metonymypress.com\\\/wp-content\\\/uploads\\\/2019\\\/03\\\/metonymy_logo.jpg\",\"width\":2423,\"height\":1013,\"caption\":\"Metonymy Press\"},\"image\":{\"@id\":\"https:\\\/\\\/metonymypress.com\\\/#\\\/schema\\\/logo\\\/image\\\/\"}}]}<\/script>\n<!-- \/ Yoast SEO plugin. -->","yoast_head_json":{"title":"She Is Sitting in the Night: Re-visioning Thea's Tarot - Metonymy Press","description":"A contemporary queer re-visioning of a beautiful feminist tarot deck from the 80s that documents a conversation across generations and mediums. It is simultaneously a tool for tarot reading and a celebration of queer and feminist cultural production.","robots":{"index":"index","follow":"follow","max-snippet":"max-snippet:-1","max-image-preview":"max-image-preview:large","max-video-preview":"max-video-preview:-1"},"canonical":"https:\/\/metonymypress.com\/fr\/products\/she-is-sitting-in-the-night-re-visioning-theas-tarot-pickle-west\/","og_locale":"fr_CA","og_type":"article","og_title":"She Is Sitting in the Night: Re-visioning Thea's Tarot - Metonymy Press","og_description":"A contemporary queer re-visioning of a beautiful feminist tarot deck from the 80s that documents a conversation across generations and mediums. It is simultaneously a tool for tarot reading and a celebration of queer and feminist cultural production.","og_url":"https:\/\/metonymypress.com\/fr\/products\/she-is-sitting-in-the-night-re-visioning-theas-tarot-pickle-west\/","og_site_name":"Metonymy Press","article_modified_time":"2025-12-17T16:41:33+00:00","og_image":[{"width":467,"height":564,"url":"https:\/\/metonymypress.com\/wp-content\/uploads\/2014\/06\/frontcover.jpg","type":"image\/jpeg"}],"twitter_card":"summary_large_image","twitter_misc":{"Estimation du temps de lecture":"2 minutes"},"schema":{"@context":"https:\/\/schema.org","@graph":[{"@type":"WebPage","@id":"https:\/\/metonymypress.com\/products\/she-is-sitting-in-the-night-re-visioning-theas-tarot-pickle-west\/","url":"https:\/\/metonymypress.com\/products\/she-is-sitting-in-the-night-re-visioning-theas-tarot-pickle-west\/","name":"She Is Sitting in the Night: Re-visioning Thea's Tarot - Metonymy Press","isPartOf":{"@id":"https:\/\/metonymypress.com\/#website"},"primaryImageOfPage":{"@id":"https:\/\/metonymypress.com\/products\/she-is-sitting-in-the-night-re-visioning-theas-tarot-pickle-west\/#primaryimage"},"image":{"@id":"https:\/\/metonymypress.com\/products\/she-is-sitting-in-the-night-re-visioning-theas-tarot-pickle-west\/#primaryimage"},"thumbnailUrl":"https:\/\/metonymypress.com\/wp-content\/uploads\/2014\/06\/frontcover.jpg","datePublished":"2022-11-02T20:41:03+00:00","dateModified":"2025-12-17T16:41:33+00:00","description":"A contemporary queer re-visioning of a beautiful feminist tarot deck from the 80s that documents a conversation across generations and mediums. It is simultaneously a tool for tarot reading and a celebration of queer and feminist cultural production.","breadcrumb":{"@id":"https:\/\/metonymypress.com\/products\/she-is-sitting-in-the-night-re-visioning-theas-tarot-pickle-west\/#breadcrumb"},"inLanguage":"fr-CA","potentialAction":[{"@type":"ReadAction","target":["https:\/\/metonymypress.com\/products\/she-is-sitting-in-the-night-re-visioning-theas-tarot-pickle-west\/"]}]},{"@type":"ImageObject","inLanguage":"fr-CA","@id":"https:\/\/metonymypress.com\/products\/she-is-sitting-in-the-night-re-visioning-theas-tarot-pickle-west\/#primaryimage","url":"https:\/\/metonymypress.com\/wp-content\/uploads\/2014\/06\/frontcover.jpg","contentUrl":"https:\/\/metonymypress.com\/wp-content\/uploads\/2014\/06\/frontcover.jpg","width":467,"height":564,"caption":"Artwork by Ruth West, cover design by Nazik Dakkach"},{"@type":"BreadcrumbList","@id":"https:\/\/metonymypress.com\/products\/she-is-sitting-in-the-night-re-visioning-theas-tarot-pickle-west\/#breadcrumb","itemListElement":[{"@type":"ListItem","position":1,"name":"Home","item":"https:\/\/metonymypress.com\/"},{"@type":"ListItem","position":2,"name":"Products","item":"https:\/\/metonymypress.com\/shop\/"},{"@type":"ListItem","position":3,"name":"She Is Sitting in the Night: Re-visioning Thea&#8217;s Tarot"}]},{"@type":"WebSite","@id":"https:\/\/metonymypress.com\/#website","url":"https:\/\/metonymypress.com\/","name":"\u00c9ditions M\u00e9tonymie","description":"","publisher":{"@id":"https:\/\/metonymypress.com\/#organization"},"potentialAction":[{"@type":"SearchAction","target":{"@type":"EntryPoint","urlTemplate":"https:\/\/metonymypress.com\/?s={search_term_string}"},"query-input":{"@type":"PropertyValueSpecification","valueRequired":true,"valueName":"search_term_string"}}],"inLanguage":"fr-CA"},{"@type":"Organization","@id":"https:\/\/metonymypress.com\/#organization","name":"\u00c9ditions M\u00e9tonymie","url":"https:\/\/metonymypress.com\/","logo":{"@type":"ImageObject","inLanguage":"fr-CA","@id":"https:\/\/metonymypress.com\/#\/schema\/logo\/image\/","url":"https:\/\/metonymypress.com\/wp-content\/uploads\/2019\/03\/metonymy_logo.jpg","contentUrl":"https:\/\/metonymypress.com\/wp-content\/uploads\/2019\/03\/metonymy_logo.jpg","width":2423,"height":1013,"caption":"Metonymy Press"},"image":{"@id":"https:\/\/metonymypress.com\/#\/schema\/logo\/image\/"}}]}},"_links":{"self":[{"href":"https:\/\/metonymypress.com\/fr\/wp-json\/wp\/v2\/product\/28351","targetHints":{"allow":["GET"]}}],"collection":[{"href":"https:\/\/metonymypress.com\/fr\/wp-json\/wp\/v2\/product"}],"about":[{"href":"https:\/\/metonymypress.com\/fr\/wp-json\/wp\/v2\/types\/product"}],"version-history":[{"count":7,"href":"https:\/\/metonymypress.com\/fr\/wp-json\/wp\/v2\/product\/28351\/revisions"}],"predecessor-version":[{"id":34847,"href":"https:\/\/metonymypress.com\/fr\/wp-json\/wp\/v2\/product\/28351\/revisions\/34847"}],"wp:featuredmedia":[{"embeddable":true,"href":"https:\/\/metonymypress.com\/fr\/wp-json\/wp\/v2\/media\/21776"}],"wp:attachment":[{"href":"https:\/\/metonymypress.com\/fr\/wp-json\/wp\/v2\/media?parent=28351"}],"wp:term":[{"taxonomy":"product_brand","embeddable":true,"href":"https:\/\/metonymypress.com\/fr\/wp-json\/wp\/v2\/product_brand?post=28351"},{"taxonomy":"product_cat","embeddable":true,"href":"https:\/\/metonymypress.com\/fr\/wp-json\/wp\/v2\/product_cat?post=28351"},{"taxonomy":"product_tag","embeddable":true,"href":"https:\/\/metonymypress.com\/fr\/wp-json\/wp\/v2\/product_tag?post=28351"}],"curies":[{"name":"wp","href":"https:\/\/api.w.org\/{rel}","templated":true}]}}