{"id":28623,"date":"2023-03-13T15:07:29","date_gmt":"2023-03-13T20:07:29","guid":{"rendered":"https:\/\/metonymypress.com\/?post_type=product&#038;p=28623"},"modified":"2025-05-21T14:20:02","modified_gmt":"2025-05-21T19:20:02","slug":"haunting-adrian-yates-harwood-jones","status":"publish","type":"product","link":"https:\/\/metonymypress.com\/fr\/products\/haunting-adrian-yates-harwood-jones\/","title":{"rendered":"The Haunting of Adrian Yates"},"content":{"rendered":"<p>&#8220;<i>The<\/i> <i>Haunting of Adrian Yates<\/i> is honest in its grimness, tackling taboo subject matter such as adolescent depression, suicide, and codependency with nuance. Despite the fantastical premise, Markus Harwood-Jones\u2019s story rings true to the experiences of many readers, especially 2SLGBTQIA+ youth, who may see themselves reflected in Adrian\u2019s perspective as he struggles with, confronts, and eventually heals from his ordeals.&#8221;<br \/>\n\u2014Nujhat Tabassum, <a href=\"https:\/\/quillandquire.com\/review\/the-haunting-of-adrian-yates\/?utm_medium=email&amp;utm_campaign=Quill%20%20Quire%20%20December%2013%202023&amp;utm_content=Quill%20%20Quire%20%20December%2013%202023+CID_eaf9e4d5cf1b6fa7dc7a55898ae8ad9c&amp;utm_source=Omni%20newsletter&amp;utm_term=The%20Haunting%20of%20Adrian%20Yates\"><em>Quill &amp; Quire<\/em><\/a><\/p>\n<p>&#8220;Markus Harwood-Jones cleverly uses the narrative possibilities of the ghost story to explore issues of consent, toxic relationships, possessiveness, and boundaries. They allow their richly developed teen characters to breathe, make mistakes, and be messy. It\u2019s a gift for queer and trans teens \u2014 and any ghost boy\/girl\/theyfriends they may or may not have.&#8221;<br \/>\n\u201465 of the Best Queer Books of 2023, <a href=\"https:\/\/www.autostraddle.com\/65-of-the-best-queer-books-of-2023\/\"><em>Autostraddle<\/em><\/a><\/p>\n<p>&#8220;Adrian learns to appreciate his uniqueness. Zoomer learns to trust her friend Adrian. Sorel learns about the joys of everyday life outside the graveyard. In the end, they must all learn to accept themselves as individuals who have agency and worth.&#8221;<br \/>\n\u2014Myra Junyk, <a href=\"https:\/\/www.cmreviews.ca\/node\/3912\"><em>CM: Canadian Review of Materials<\/em>,<\/a> recommand\u00e9<\/p>\n<p>&#8220;Markus Harwood-Jones&#8217; <i>The Haunting of Adrian Yates<\/i> is like your high school best friend: heartfelt, funny, and a little strange. A wild story about life beyond death, friends against lovers, and the power of names, you&#8217;ll want to tramp through cemeteries late into the night with these characters long after you turn the last page.&#8221;<br \/>\n\u2014Morgan M. Page<\/p>\n<p>&#8220;Great galloping ghostbusters! Trans YA author extraordinaire Markus Harwood-Jones has given us all an incredible gift in\u00a0<span class=\"a-text-italic\">The Haunting of Adrian Yates<\/span>. Brimming with enough steamy drama and wry humor to entertain any soap-opera fan, Harwood-Jones&#8217; sharp storytelling and poetic prose also deliver several moments of true pathos that will haunt readers long after they close the covers. Phantasmagoric hijinks notwithstanding, the trio of central characters in the book spring to life from the page as they navigate the twists and turns of desire, depression, consent, and codependence while steadfastly refusing such binary categories as &#8216;hero&#8217; and &#8216;villain.'&#8221;<br \/>\n\u2014Kai Cheng Thom, author of <a href=\"https:\/\/metonymypress.com\/fr\/shop\/books\/fierce-femmes-and-notorious-liars-thom\/\"><em>Fierce Femmes and Notorious Liars<\/em><\/a><\/p>\n<div dir=\"ltr\">\n<div class=\"input-box\" spellcheck=\"false\">\n<p>Autaire: <a href=\"http:\/\/www.mharwoodjones.com\">Markus Harwood-Jones<\/a><\/p>\n<p>Couverture et design : Keet Geniza (<a href=\"https:\/\/www.instagram.com\/makeshiftlove\/?hl=en\">makeshiftlove)<\/a><\/p>\n<\/div>\n<\/div>","protected":false},"excerpt":{"rendered":"<p>by Markus Harwood-Jones<\/p>\n<p>Automne 2023<\/p>\n<p>Disponible en format papier (pour les personnes r\u00e9sidant au Canada et aux \u00c9tats-Unis), PDF (disponible partout), et EPUB (disponible partout).<\/p>\n<p>Le meilleur ami et le chum d\u2019Adrian ne s\u2019entendent pas. Oh, et son chum est un fant\u00f4me.<\/p>\n<p>Adrian Yates s\u2019attendait \u00e0 passer l\u2019\u00e9t\u00e9 \u00e0 partager des slushes avec son meilleur ami Zoomer et \u00e0 faire semblant de ne pas entendre les disputes \u00e0 voix basse de ses p\u00e8res. Et c\u2019est exactement ainsi qu\u2019il passait ses journ\u00e9es, jusqu\u2019\u00e0 la nuit o\u00f9 Sorel est apparu dans le cimeti\u00e8re situ\u00e9 pr\u00e8s de son appartement. Sorel <i>comprend<\/i> Adrian mieux que quiconque, et le fait qu\u2019il ne soit pas <i>techniquement<\/i> vivant ne fait que rendre les choses plus int\u00e9ressantes. Mais Sorel n\u2019arrive pas toujours \u00e0 contr\u00f4ler sa conduite surnaturelle, et Zoomer se demande s\u2019il ne cache pas quelque chose. Les soirs d\u2019orage, Adrian et Sorel se rencontrent en secret derri\u00e8re les grilles de fer du cimeti\u00e8re pour se livrer \u00e0 des s\u00e9ances de possession consensuelle. Malgr\u00e9 les signes inqui\u00e9tants, Adrian est persuad\u00e9 d\u2019avoir la situation en main, jusqu\u2019\u00e0 ce qu\u2019il soit soudainement oblig\u00e9 de se battre pour sa vie.<\/p>\n<p><strong>Markus Harwood-Jones<\/strong> (il\/iel) est un r\u00eaveur trans et queer qui \u00e9crit depuis toujours. Les romans pour jeunes adultes sont sa sp\u00e9cialit\u00e9, et il affectionne particuli\u00e8rement les histoires d\u2019amour sentimentales. Il vit au centre-ville de Toronto avec son mari, leur co-parent platonique et leur enfant ultra-adorable. Aspirant TikTokeur, il est pr\u00e9sent sur les r\u00e9seaux sociaux sous le pseudonyme @MarkusBones.<\/p>\n<p><a href=\"https:\/\/www.indiebookstores.ca\/book\/9781998898008\" target=\"_blank\" rel=\"noopener\"><img decoding=\"async\" class=\"alignleft wp-image-29577 size-medium\" src=\"https:\/\/metonymypress.com\/wp-content\/uploads\/2022\/12\/IBCA-Button-2-Full-Colour-300x69.png\" alt=\"\" width=\"300\" height=\"69\" srcset=\"https:\/\/metonymypress.com\/wp-content\/uploads\/2022\/12\/IBCA-Button-2-Full-Colour-300x69.png 300w, https:\/\/metonymypress.com\/wp-content\/uploads\/2022\/12\/IBCA-Button-2-Full-Colour-800x184.png 800w, https:\/\/metonymypress.com\/wp-content\/uploads\/2022\/12\/IBCA-Button-2-Full-Colour-768x176.png 768w, https:\/\/metonymypress.com\/wp-content\/uploads\/2022\/12\/IBCA-Button-2-Full-Colour.png 1001w\" sizes=\"(max-width: 300px) 100vw, 300px\" \/><\/a><\/p>","protected":false},"featured_media":28624,"template":"","meta":{"give_campaign_id":0,"neve_meta_sidebar":"","neve_meta_container":"","neve_meta_enable_content_width":"off","neve_meta_content_width":70,"neve_meta_title_alignment":"","neve_meta_author_avatar":"","neve_post_elements_order":"","neve_meta_disable_header":"","neve_meta_disable_footer":"","neve_meta_disable_title":"","cybocfi_hide_featured_image":""},"product_brand":[],"product_cat":[148],"product_tag":[],"class_list":{"0":"post-28623","1":"product","2":"type-product","3":"status-publish","4":"has-post-thumbnail","6":"product_cat-books","8":"first","9":"instock","10":"taxable","11":"shipping-taxable","12":"purchasable","13":"product-type-variable"},"yoast_head":"<!-- This site is optimized with the Yoast SEO plugin v27.5 - https:\/\/yoast.com\/product\/yoast-seo-wordpress\/ -->\n<title>The Haunting of Adrian Yates<\/title>\n<meta name=\"description\" content=\"Adrian\u2019s best friend and his boyfriend don\u2019t get along. Oh, and his boyfriend is a ghost. Despite the warning signs, Adrian is certain he has everything under control\u2014until suddenly he finds himself fighting for his life.\" \/>\n<meta name=\"robots\" content=\"index, follow, max-snippet:-1, max-image-preview:large, max-video-preview:-1\" \/>\n<link rel=\"canonical\" href=\"https:\/\/metonymypress.com\/fr\/products\/haunting-adrian-yates-harwood-jones\/\" \/>\n<meta property=\"og:locale\" content=\"fr_CA\" \/>\n<meta property=\"og:type\" content=\"article\" \/>\n<meta property=\"og:title\" content=\"The Haunting of Adrian Yates\" \/>\n<meta property=\"og:description\" content=\"Adrian\u2019s best friend and his boyfriend don\u2019t get along. Oh, and his boyfriend is a ghost. Despite the warning signs, Adrian is certain he has everything under control\u2014until suddenly he finds himself fighting for his life.\" \/>\n<meta property=\"og:url\" content=\"https:\/\/metonymypress.com\/fr\/products\/haunting-adrian-yates-harwood-jones\/\" \/>\n<meta property=\"og:site_name\" content=\"Metonymy Press\" \/>\n<meta property=\"article:modified_time\" content=\"2025-05-21T19:20:02+00:00\" \/>\n<meta property=\"og:image\" content=\"https:\/\/metonymypress.com\/wp-content\/uploads\/2023\/03\/9781998898008.jpg\" \/>\n\t<meta property=\"og:image:width\" content=\"1575\" \/>\n\t<meta property=\"og:image:height\" content=\"2400\" \/>\n\t<meta property=\"og:image:type\" content=\"image\/jpeg\" \/>\n<meta name=\"twitter:card\" content=\"summary_large_image\" \/>\n<meta name=\"twitter:label1\" content=\"Estimation du temps de lecture\" \/>\n\t<meta name=\"twitter:data1\" content=\"2 minutes\" \/>\n<script type=\"application\/ld+json\" class=\"yoast-schema-graph\">{\"@context\":\"https:\\\/\\\/schema.org\",\"@graph\":[{\"@type\":\"WebPage\",\"@id\":\"https:\\\/\\\/metonymypress.com\\\/products\\\/haunting-adrian-yates-harwood-jones\\\/\",\"url\":\"https:\\\/\\\/metonymypress.com\\\/products\\\/haunting-adrian-yates-harwood-jones\\\/\",\"name\":\"The Haunting of Adrian Yates\",\"isPartOf\":{\"@id\":\"https:\\\/\\\/metonymypress.com\\\/#website\"},\"primaryImageOfPage\":{\"@id\":\"https:\\\/\\\/metonymypress.com\\\/products\\\/haunting-adrian-yates-harwood-jones\\\/#primaryimage\"},\"image\":{\"@id\":\"https:\\\/\\\/metonymypress.com\\\/products\\\/haunting-adrian-yates-harwood-jones\\\/#primaryimage\"},\"thumbnailUrl\":\"https:\\\/\\\/metonymypress.com\\\/wp-content\\\/uploads\\\/2023\\\/03\\\/9781998898008.jpg\",\"datePublished\":\"2023-03-13T20:07:29+00:00\",\"dateModified\":\"2025-05-21T19:20:02+00:00\",\"description\":\"Adrian\u2019s best friend and his boyfriend don\u2019t get along. Oh, and his boyfriend is a ghost. Despite the warning signs, Adrian is certain he has everything under control\u2014until suddenly he finds himself fighting for his life.\",\"breadcrumb\":{\"@id\":\"https:\\\/\\\/metonymypress.com\\\/products\\\/haunting-adrian-yates-harwood-jones\\\/#breadcrumb\"},\"inLanguage\":\"fr-CA\",\"potentialAction\":[{\"@type\":\"ReadAction\",\"target\":[\"https:\\\/\\\/metonymypress.com\\\/products\\\/haunting-adrian-yates-harwood-jones\\\/\"]}]},{\"@type\":\"ImageObject\",\"inLanguage\":\"fr-CA\",\"@id\":\"https:\\\/\\\/metonymypress.com\\\/products\\\/haunting-adrian-yates-harwood-jones\\\/#primaryimage\",\"url\":\"https:\\\/\\\/metonymypress.com\\\/wp-content\\\/uploads\\\/2023\\\/03\\\/9781998898008.jpg\",\"contentUrl\":\"https:\\\/\\\/metonymypress.com\\\/wp-content\\\/uploads\\\/2023\\\/03\\\/9781998898008.jpg\",\"width\":1575,\"height\":2400,\"caption\":\"The Haunting of Adrian Yates front cover\"},{\"@type\":\"BreadcrumbList\",\"@id\":\"https:\\\/\\\/metonymypress.com\\\/products\\\/haunting-adrian-yates-harwood-jones\\\/#breadcrumb\",\"itemListElement\":[{\"@type\":\"ListItem\",\"position\":1,\"name\":\"Home\",\"item\":\"https:\\\/\\\/metonymypress.com\\\/\"},{\"@type\":\"ListItem\",\"position\":2,\"name\":\"Products\",\"item\":\"https:\\\/\\\/metonymypress.com\\\/shop\\\/\"},{\"@type\":\"ListItem\",\"position\":3,\"name\":\"The Haunting of Adrian Yates\"}]},{\"@type\":\"WebSite\",\"@id\":\"https:\\\/\\\/metonymypress.com\\\/#website\",\"url\":\"https:\\\/\\\/metonymypress.com\\\/\",\"name\":\"Metonymy Press\",\"description\":\"\",\"publisher\":{\"@id\":\"https:\\\/\\\/metonymypress.com\\\/#organization\"},\"potentialAction\":[{\"@type\":\"SearchAction\",\"target\":{\"@type\":\"EntryPoint\",\"urlTemplate\":\"https:\\\/\\\/metonymypress.com\\\/?s={search_term_string}\"},\"query-input\":{\"@type\":\"PropertyValueSpecification\",\"valueRequired\":true,\"valueName\":\"search_term_string\"}}],\"inLanguage\":\"fr-CA\"},{\"@type\":\"Organization\",\"@id\":\"https:\\\/\\\/metonymypress.com\\\/#organization\",\"name\":\"Metonymy Press\",\"url\":\"https:\\\/\\\/metonymypress.com\\\/\",\"logo\":{\"@type\":\"ImageObject\",\"inLanguage\":\"fr-CA\",\"@id\":\"https:\\\/\\\/metonymypress.com\\\/#\\\/schema\\\/logo\\\/image\\\/\",\"url\":\"https:\\\/\\\/metonymypress.com\\\/wp-content\\\/uploads\\\/2019\\\/03\\\/metonymy_logo.jpg\",\"contentUrl\":\"https:\\\/\\\/metonymypress.com\\\/wp-content\\\/uploads\\\/2019\\\/03\\\/metonymy_logo.jpg\",\"width\":2423,\"height\":1013,\"caption\":\"Metonymy Press\"},\"image\":{\"@id\":\"https:\\\/\\\/metonymypress.com\\\/#\\\/schema\\\/logo\\\/image\\\/\"}}]}<\/script>\n<!-- \/ Yoast SEO plugin. -->","yoast_head_json":{"title":"The Haunting of Adrian Yates","description":"Adrian\u2019s best friend and his boyfriend don\u2019t get along. Oh, and his boyfriend is a ghost. Despite the warning signs, Adrian is certain he has everything under control\u2014until suddenly he finds himself fighting for his life.","robots":{"index":"index","follow":"follow","max-snippet":"max-snippet:-1","max-image-preview":"max-image-preview:large","max-video-preview":"max-video-preview:-1"},"canonical":"https:\/\/metonymypress.com\/fr\/products\/haunting-adrian-yates-harwood-jones\/","og_locale":"fr_CA","og_type":"article","og_title":"The Haunting of Adrian Yates","og_description":"Adrian\u2019s best friend and his boyfriend don\u2019t get along. Oh, and his boyfriend is a ghost. Despite the warning signs, Adrian is certain he has everything under control\u2014until suddenly he finds himself fighting for his life.","og_url":"https:\/\/metonymypress.com\/fr\/products\/haunting-adrian-yates-harwood-jones\/","og_site_name":"Metonymy Press","article_modified_time":"2025-05-21T19:20:02+00:00","og_image":[{"width":1575,"height":2400,"url":"https:\/\/metonymypress.com\/wp-content\/uploads\/2023\/03\/9781998898008.jpg","type":"image\/jpeg"}],"twitter_card":"summary_large_image","twitter_misc":{"Estimation du temps de lecture":"2 minutes"},"schema":{"@context":"https:\/\/schema.org","@graph":[{"@type":"WebPage","@id":"https:\/\/metonymypress.com\/products\/haunting-adrian-yates-harwood-jones\/","url":"https:\/\/metonymypress.com\/products\/haunting-adrian-yates-harwood-jones\/","name":"The Haunting of Adrian Yates","isPartOf":{"@id":"https:\/\/metonymypress.com\/#website"},"primaryImageOfPage":{"@id":"https:\/\/metonymypress.com\/products\/haunting-adrian-yates-harwood-jones\/#primaryimage"},"image":{"@id":"https:\/\/metonymypress.com\/products\/haunting-adrian-yates-harwood-jones\/#primaryimage"},"thumbnailUrl":"https:\/\/metonymypress.com\/wp-content\/uploads\/2023\/03\/9781998898008.jpg","datePublished":"2023-03-13T20:07:29+00:00","dateModified":"2025-05-21T19:20:02+00:00","description":"Adrian\u2019s best friend and his boyfriend don\u2019t get along. Oh, and his boyfriend is a ghost. Despite the warning signs, Adrian is certain he has everything under control\u2014until suddenly he finds himself fighting for his life.","breadcrumb":{"@id":"https:\/\/metonymypress.com\/products\/haunting-adrian-yates-harwood-jones\/#breadcrumb"},"inLanguage":"fr-CA","potentialAction":[{"@type":"ReadAction","target":["https:\/\/metonymypress.com\/products\/haunting-adrian-yates-harwood-jones\/"]}]},{"@type":"ImageObject","inLanguage":"fr-CA","@id":"https:\/\/metonymypress.com\/products\/haunting-adrian-yates-harwood-jones\/#primaryimage","url":"https:\/\/metonymypress.com\/wp-content\/uploads\/2023\/03\/9781998898008.jpg","contentUrl":"https:\/\/metonymypress.com\/wp-content\/uploads\/2023\/03\/9781998898008.jpg","width":1575,"height":2400,"caption":"The Haunting of Adrian Yates front cover"},{"@type":"BreadcrumbList","@id":"https:\/\/metonymypress.com\/products\/haunting-adrian-yates-harwood-jones\/#breadcrumb","itemListElement":[{"@type":"ListItem","position":1,"name":"Home","item":"https:\/\/metonymypress.com\/"},{"@type":"ListItem","position":2,"name":"Products","item":"https:\/\/metonymypress.com\/shop\/"},{"@type":"ListItem","position":3,"name":"The Haunting of Adrian Yates"}]},{"@type":"WebSite","@id":"https:\/\/metonymypress.com\/#website","url":"https:\/\/metonymypress.com\/","name":"\u00c9ditions M\u00e9tonymie","description":"","publisher":{"@id":"https:\/\/metonymypress.com\/#organization"},"potentialAction":[{"@type":"SearchAction","target":{"@type":"EntryPoint","urlTemplate":"https:\/\/metonymypress.com\/?s={search_term_string}"},"query-input":{"@type":"PropertyValueSpecification","valueRequired":true,"valueName":"search_term_string"}}],"inLanguage":"fr-CA"},{"@type":"Organization","@id":"https:\/\/metonymypress.com\/#organization","name":"\u00c9ditions M\u00e9tonymie","url":"https:\/\/metonymypress.com\/","logo":{"@type":"ImageObject","inLanguage":"fr-CA","@id":"https:\/\/metonymypress.com\/#\/schema\/logo\/image\/","url":"https:\/\/metonymypress.com\/wp-content\/uploads\/2019\/03\/metonymy_logo.jpg","contentUrl":"https:\/\/metonymypress.com\/wp-content\/uploads\/2019\/03\/metonymy_logo.jpg","width":2423,"height":1013,"caption":"Metonymy Press"},"image":{"@id":"https:\/\/metonymypress.com\/#\/schema\/logo\/image\/"}}]}},"_links":{"self":[{"href":"https:\/\/metonymypress.com\/fr\/wp-json\/wp\/v2\/product\/28623","targetHints":{"allow":["GET"]}}],"collection":[{"href":"https:\/\/metonymypress.com\/fr\/wp-json\/wp\/v2\/product"}],"about":[{"href":"https:\/\/metonymypress.com\/fr\/wp-json\/wp\/v2\/types\/product"}],"version-history":[{"count":6,"href":"https:\/\/metonymypress.com\/fr\/wp-json\/wp\/v2\/product\/28623\/revisions"}],"predecessor-version":[{"id":33697,"href":"https:\/\/metonymypress.com\/fr\/wp-json\/wp\/v2\/product\/28623\/revisions\/33697"}],"wp:featuredmedia":[{"embeddable":true,"href":"https:\/\/metonymypress.com\/fr\/wp-json\/wp\/v2\/media\/28624"}],"wp:attachment":[{"href":"https:\/\/metonymypress.com\/fr\/wp-json\/wp\/v2\/media?parent=28623"}],"wp:term":[{"taxonomy":"product_brand","embeddable":true,"href":"https:\/\/metonymypress.com\/fr\/wp-json\/wp\/v2\/product_brand?post=28623"},{"taxonomy":"product_cat","embeddable":true,"href":"https:\/\/metonymypress.com\/fr\/wp-json\/wp\/v2\/product_cat?post=28623"},{"taxonomy":"product_tag","embeddable":true,"href":"https:\/\/metonymypress.com\/fr\/wp-json\/wp\/v2\/product_tag?post=28623"}],"curies":[{"name":"wp","href":"https:\/\/api.w.org\/{rel}","templated":true}]}}