{"id":29550,"date":"2025-08-29T11:48:58","date_gmt":"2025-08-29T16:48:58","guid":{"rendered":"https:\/\/metonymypress.com\/?post_type=product&#038;p=29550"},"modified":"2026-02-13T15:09:41","modified_gmt":"2026-02-13T20:09:41","slug":"the-sacred-heart-motel-kwan","status":"publish","type":"product","link":"https:\/\/metonymypress.com\/fr\/products\/the-sacred-heart-motel-kwan\/","title":{"rendered":"The Sacred Heart Motel"},"content":{"rendered":"<div data-elementor-type=\"wp-post\" data-elementor-id=\"29550\" class=\"elementor elementor-29550\">\n\t\t\t\t<div class=\"elementor-element elementor-element-7ef4da9 e-ecs-flex e-flex e-con-boxed wpr-particle-no wpr-jarallax-no wpr-parallax-no wpr-sticky-section-no wpr-column-slider-no wpr-equal-height-no e-con e-parent\" data-id=\"7ef4da9\" data-element_type=\"container\" data-e-type=\"container\" data-settings=\"{&quot;ecs_container_type&quot;:&quot;flex&quot;}\">\n\t\t\t\t\t<div class=\"e-con-inner\">\n\t\t\t\t<div class=\"elementor-element elementor-element-47f937c elementor-widget elementor-widget-text-editor\" data-id=\"47f937c\" data-element_type=\"widget\" data-e-type=\"widget\" data-widget_type=\"text-editor.default\">\n\t\t\t\t<div class=\"elementor-widget-container\">\n\t\t\t\t\t\t\t\t\t<p>\u201cDevastating and gorgeous.\u201d<\/p><p>\u2014Amanda Earl, <a href=\"https:\/\/arcpoetry.ca\/editorials\/the-sacred-heart-motel-grace-kwan\/\"><em>Arc Poetry<\/em><\/a><\/p><p>\u201cOne of the sheer brilliances of Kwan\u2019s book is turning migration into a love poem and love into a migration. Don\u2019t even try to separate the political from the personal; there are too many transient rooms in the heart, unregistered hearts in any given room. And, of course, there\u2019s the border \u2013 of desire, home, identity \u2013 where all the action happens: &#8216;the convergence of lives, motivations \/ riding shotgun,&#8217; as Kwan puts it, or rather wrenches it from our very hearts.\u201d<\/p><p>\u2014Carlos A. Pittella, laur\u00e9at du Prix mondial de po\u00e9sie Frontier 2022<\/p><p>\u201c&#8217;I\u2019m sick \/ of outsourcing care to desire&#8217; writes Grace Kwan in this sure-footed, arrestingly wise d\u00e9but, and this axis, between fantasies of belonging and the experience of being held, is perhaps at the core of the book, threaded through each poem. If &#8216;again and again I\u2019ve abandoned my urgency \/ for the romance of cruelty,&#8217; how does that self in each of us return?\u201d<\/p><p>\u2014River Halen, autaire de <i>Dream Rooms<\/i><\/p><p>Autaire:<a href=\"https:\/\/grckwn.wordpress.com\/about-me\/\"> Grace Kwan<\/a><\/p><p>Couverture : Niki Hoi<\/p>\t\t\t\t\t\t\t\t<\/div>\n\t\t\t\t<\/div>\n\t\t\t\t\t<\/div>\n\t\t\t\t<\/div>\n\t\t\t\t<\/div>","protected":false},"excerpt":{"rendered":"<p>Grace Kwan<\/p>\n<p>Automne 2024<\/p>\n<p>Dans ce premier livre, Grace Kwan nous guide d\u2019une voix impitoyable et agile \u00e0 travers les recoins du corps et les abords de la route. Ce s\u00e9jour au motel nous plonge dans un r\u00e9cit multivers, des commodit\u00e9s aux chambres et aux ruelles, en passant par les g\u00e9n\u00e9rations de fant\u00f4mes et les histoires d\u2019amour queer. D\u00e9sorientant et surprenant, The Sacred Heart Motel est une ode \u00e0 la liminalit\u00e9 et \u00e0 la nostalgie.<\/p>\n<p><strong>Grace Kwan<\/strong> , sociologue et autaire originaire de Malaisie, vit \u00e0 \u00ab Vancouver \u00bb, sur les territoires non c\u00e9d\u00e9s des peuples Musqueam, Squamish et Tsleil-Waututh. Ses po\u00e8mes r\u00e9cents ont \u00e9t\u00e9 publi\u00e9s <em>Canthius<\/em>, <em>Room Magazine<\/em>, et d\u2019autres revues. Son site Web est disponible ici: <a href=\"https:\/\/grckwn.wordpress.com\/\">https:\/\/grckwn.wordpress.com\/<\/a>.<\/p>\n<p><a href=\"https:\/\/www.indiebookstores.ca\/book\/1998898164\" target=\"_blank\" rel=\"noopener\"><img decoding=\"async\" class=\"alignleft wp-image-29577 size-medium\" src=\"https:\/\/metonymypress.com\/wp-content\/uploads\/2022\/12\/IBCA-Button-2-Full-Colour-300x69.png\" alt=\"\" width=\"300\" height=\"69\" data-wp-editing=\"1\" srcset=\"https:\/\/metonymypress.com\/wp-content\/uploads\/2022\/12\/IBCA-Button-2-Full-Colour-300x69.png 300w, https:\/\/metonymypress.com\/wp-content\/uploads\/2022\/12\/IBCA-Button-2-Full-Colour-800x184.png 800w, https:\/\/metonymypress.com\/wp-content\/uploads\/2022\/12\/IBCA-Button-2-Full-Colour-768x176.png 768w, https:\/\/metonymypress.com\/wp-content\/uploads\/2022\/12\/IBCA-Button-2-Full-Colour.png 1001w\" sizes=\"(max-width: 300px) 100vw, 300px\" \/><\/a><\/p>","protected":false},"featured_media":29611,"template":"","meta":{"give_campaign_id":0,"neve_meta_sidebar":"","neve_meta_container":"","neve_meta_enable_content_width":"off","neve_meta_content_width":100,"neve_meta_title_alignment":"","neve_meta_author_avatar":"","neve_post_elements_order":"","neve_meta_disable_header":"","neve_meta_disable_footer":"","neve_meta_disable_title":"","cybocfi_hide_featured_image":""},"product_brand":[],"product_cat":[148],"product_tag":[],"class_list":{"0":"post-29550","1":"product","2":"type-product","3":"status-publish","4":"has-post-thumbnail","6":"product_cat-books","8":"first","9":"instock","10":"taxable","11":"shipping-taxable","12":"purchasable","13":"product-type-variable"},"yoast_head":"<!-- This site is optimized with the Yoast SEO plugin v27.5 - https:\/\/yoast.com\/product\/yoast-seo-wordpress\/ -->\n<title>The Sacred Heart Motel<\/title>\n<meta name=\"description\" content=\"In poet Grace Kwan\u2019s debut, they are ruthless and nimble, guiding us through the recesses of body and roadside space. The reader tours the motel through this multiverse narrative, from amenities to rooms to back alleys, through the generations of ghosts and queer love stories, until they are left alone with the heart at the centre. The Sacred Heart Motel is a disorienting, startling collection about placelessness and longing.\" \/>\n<meta name=\"robots\" content=\"index, follow, max-snippet:-1, max-image-preview:large, max-video-preview:-1\" \/>\n<link rel=\"canonical\" href=\"https:\/\/metonymypress.com\/fr\/products\/the-sacred-heart-motel-kwan\/\" \/>\n<meta property=\"og:locale\" content=\"fr_CA\" \/>\n<meta property=\"og:type\" content=\"article\" \/>\n<meta property=\"og:title\" content=\"The Sacred Heart Motel\" \/>\n<meta property=\"og:description\" content=\"In poet Grace Kwan\u2019s debut, they are ruthless and nimble, guiding us through the recesses of body and roadside space. The reader tours the motel through this multiverse narrative, from amenities to rooms to back alleys, through the generations of ghosts and queer love stories, until they are left alone with the heart at the centre. The Sacred Heart Motel is a disorienting, startling collection about placelessness and longing.\" \/>\n<meta property=\"og:url\" content=\"https:\/\/metonymypress.com\/fr\/products\/the-sacred-heart-motel-kwan\/\" \/>\n<meta property=\"og:site_name\" content=\"Metonymy Press\" \/>\n<meta property=\"article:modified_time\" content=\"2026-02-13T20:09:41+00:00\" \/>\n<meta property=\"og:image\" content=\"https:\/\/metonymypress.com\/wp-content\/uploads\/2024\/07\/cover_2024.8.28.jpg\" \/>\n\t<meta property=\"og:image:width\" content=\"1800\" \/>\n\t<meta property=\"og:image:height\" content=\"2400\" \/>\n\t<meta property=\"og:image:type\" content=\"image\/jpeg\" \/>\n<meta name=\"twitter:card\" content=\"summary_large_image\" \/>\n<meta name=\"twitter:label1\" content=\"Estimation du temps de lecture\" \/>\n\t<meta name=\"twitter:data1\" content=\"1 minute\" \/>\n<script type=\"application\/ld+json\" class=\"yoast-schema-graph\">{\"@context\":\"https:\\\/\\\/schema.org\",\"@graph\":[{\"@type\":\"WebPage\",\"@id\":\"https:\\\/\\\/metonymypress.com\\\/products\\\/the-sacred-heart-motel-kwan\\\/\",\"url\":\"https:\\\/\\\/metonymypress.com\\\/products\\\/the-sacred-heart-motel-kwan\\\/\",\"name\":\"The Sacred Heart Motel\",\"isPartOf\":{\"@id\":\"https:\\\/\\\/metonymypress.com\\\/#website\"},\"primaryImageOfPage\":{\"@id\":\"https:\\\/\\\/metonymypress.com\\\/products\\\/the-sacred-heart-motel-kwan\\\/#primaryimage\"},\"image\":{\"@id\":\"https:\\\/\\\/metonymypress.com\\\/products\\\/the-sacred-heart-motel-kwan\\\/#primaryimage\"},\"thumbnailUrl\":\"https:\\\/\\\/metonymypress.com\\\/wp-content\\\/uploads\\\/2024\\\/07\\\/cover_2024.8.28.jpg\",\"datePublished\":\"2025-08-29T16:48:58+00:00\",\"dateModified\":\"2026-02-13T20:09:41+00:00\",\"description\":\"In poet Grace Kwan\u2019s debut, they are ruthless and nimble, guiding us through the recesses of body and roadside space. The reader tours the motel through this multiverse narrative, from amenities to rooms to back alleys, through the generations of ghosts and queer love stories, until they are left alone with the heart at the centre. The Sacred Heart Motel is a disorienting, startling collection about placelessness and longing.\",\"breadcrumb\":{\"@id\":\"https:\\\/\\\/metonymypress.com\\\/products\\\/the-sacred-heart-motel-kwan\\\/#breadcrumb\"},\"inLanguage\":\"fr-CA\",\"potentialAction\":[{\"@type\":\"ReadAction\",\"target\":[\"https:\\\/\\\/metonymypress.com\\\/products\\\/the-sacred-heart-motel-kwan\\\/\"]}]},{\"@type\":\"ImageObject\",\"inLanguage\":\"fr-CA\",\"@id\":\"https:\\\/\\\/metonymypress.com\\\/products\\\/the-sacred-heart-motel-kwan\\\/#primaryimage\",\"url\":\"https:\\\/\\\/metonymypress.com\\\/wp-content\\\/uploads\\\/2024\\\/07\\\/cover_2024.8.28.jpg\",\"contentUrl\":\"https:\\\/\\\/metonymypress.com\\\/wp-content\\\/uploads\\\/2024\\\/07\\\/cover_2024.8.28.jpg\",\"width\":1800,\"height\":2400,\"caption\":\"The Sacred Heart Motel front cover\"},{\"@type\":\"BreadcrumbList\",\"@id\":\"https:\\\/\\\/metonymypress.com\\\/products\\\/the-sacred-heart-motel-kwan\\\/#breadcrumb\",\"itemListElement\":[{\"@type\":\"ListItem\",\"position\":1,\"name\":\"Home\",\"item\":\"https:\\\/\\\/metonymypress.com\\\/\"},{\"@type\":\"ListItem\",\"position\":2,\"name\":\"Products\",\"item\":\"https:\\\/\\\/metonymypress.com\\\/shop\\\/\"},{\"@type\":\"ListItem\",\"position\":3,\"name\":\"The Sacred Heart Motel\"}]},{\"@type\":\"WebSite\",\"@id\":\"https:\\\/\\\/metonymypress.com\\\/#website\",\"url\":\"https:\\\/\\\/metonymypress.com\\\/\",\"name\":\"Metonymy Press\",\"description\":\"\",\"publisher\":{\"@id\":\"https:\\\/\\\/metonymypress.com\\\/#organization\"},\"potentialAction\":[{\"@type\":\"SearchAction\",\"target\":{\"@type\":\"EntryPoint\",\"urlTemplate\":\"https:\\\/\\\/metonymypress.com\\\/?s={search_term_string}\"},\"query-input\":{\"@type\":\"PropertyValueSpecification\",\"valueRequired\":true,\"valueName\":\"search_term_string\"}}],\"inLanguage\":\"fr-CA\"},{\"@type\":\"Organization\",\"@id\":\"https:\\\/\\\/metonymypress.com\\\/#organization\",\"name\":\"Metonymy Press\",\"url\":\"https:\\\/\\\/metonymypress.com\\\/\",\"logo\":{\"@type\":\"ImageObject\",\"inLanguage\":\"fr-CA\",\"@id\":\"https:\\\/\\\/metonymypress.com\\\/#\\\/schema\\\/logo\\\/image\\\/\",\"url\":\"https:\\\/\\\/metonymypress.com\\\/wp-content\\\/uploads\\\/2019\\\/03\\\/metonymy_logo.jpg\",\"contentUrl\":\"https:\\\/\\\/metonymypress.com\\\/wp-content\\\/uploads\\\/2019\\\/03\\\/metonymy_logo.jpg\",\"width\":2423,\"height\":1013,\"caption\":\"Metonymy Press\"},\"image\":{\"@id\":\"https:\\\/\\\/metonymypress.com\\\/#\\\/schema\\\/logo\\\/image\\\/\"}}]}<\/script>\n<!-- \/ Yoast SEO plugin. -->","yoast_head_json":{"title":"The Sacred Heart Motel","description":"Dans ce premier livre, Grace Kwan nous guide d\u2019une voix impitoyable et agile \u00e0 travers les recoins du corps et les abords de la route. Ce s\u00e9jour au motel nous plonge dans un r\u00e9cit multivers, des commodit\u00e9s aux chambres et aux ruelles, en passant par les g\u00e9n\u00e9rations de fant\u00f4mes et les histoires d\u2019amour queer. D\u00e9sorientant et surprenant, The Sacred Heart Motel est une ode \u00e0 la liminalit\u00e9 et \u00e0 la nostalgie.","robots":{"index":"index","follow":"follow","max-snippet":"max-snippet:-1","max-image-preview":"max-image-preview:large","max-video-preview":"max-video-preview:-1"},"canonical":"https:\/\/metonymypress.com\/fr\/products\/the-sacred-heart-motel-kwan\/","og_locale":"fr_CA","og_type":"article","og_title":"The Sacred Heart Motel","og_description":"In poet Grace Kwan\u2019s debut, they are ruthless and nimble, guiding us through the recesses of body and roadside space. The reader tours the motel through this multiverse narrative, from amenities to rooms to back alleys, through the generations of ghosts and queer love stories, until they are left alone with the heart at the centre. The Sacred Heart Motel is a disorienting, startling collection about placelessness and longing.","og_url":"https:\/\/metonymypress.com\/fr\/products\/the-sacred-heart-motel-kwan\/","og_site_name":"Metonymy Press","article_modified_time":"2026-02-13T20:09:41+00:00","og_image":[{"width":1800,"height":2400,"url":"https:\/\/metonymypress.com\/wp-content\/uploads\/2024\/07\/cover_2024.8.28.jpg","type":"image\/jpeg"}],"twitter_card":"summary_large_image","twitter_misc":{"Estimation du temps de lecture":"1 minute"},"schema":{"@context":"https:\/\/schema.org","@graph":[{"@type":"WebPage","@id":"https:\/\/metonymypress.com\/products\/the-sacred-heart-motel-kwan\/","url":"https:\/\/metonymypress.com\/products\/the-sacred-heart-motel-kwan\/","name":"The Sacred Heart Motel","isPartOf":{"@id":"https:\/\/metonymypress.com\/#website"},"primaryImageOfPage":{"@id":"https:\/\/metonymypress.com\/products\/the-sacred-heart-motel-kwan\/#primaryimage"},"image":{"@id":"https:\/\/metonymypress.com\/products\/the-sacred-heart-motel-kwan\/#primaryimage"},"thumbnailUrl":"https:\/\/metonymypress.com\/wp-content\/uploads\/2024\/07\/cover_2024.8.28.jpg","datePublished":"2025-08-29T16:48:58+00:00","dateModified":"2026-02-13T20:09:41+00:00","description":"Dans ce premier livre, Grace Kwan nous guide d\u2019une voix impitoyable et agile \u00e0 travers les recoins du corps et les abords de la route. Ce s\u00e9jour au motel nous plonge dans un r\u00e9cit multivers, des commodit\u00e9s aux chambres et aux ruelles, en passant par les g\u00e9n\u00e9rations de fant\u00f4mes et les histoires d\u2019amour queer. D\u00e9sorientant et surprenant, The Sacred Heart Motel est une ode \u00e0 la liminalit\u00e9 et \u00e0 la nostalgie.","breadcrumb":{"@id":"https:\/\/metonymypress.com\/products\/the-sacred-heart-motel-kwan\/#breadcrumb"},"inLanguage":"fr-CA","potentialAction":[{"@type":"ReadAction","target":["https:\/\/metonymypress.com\/products\/the-sacred-heart-motel-kwan\/"]}]},{"@type":"ImageObject","inLanguage":"fr-CA","@id":"https:\/\/metonymypress.com\/products\/the-sacred-heart-motel-kwan\/#primaryimage","url":"https:\/\/metonymypress.com\/wp-content\/uploads\/2024\/07\/cover_2024.8.28.jpg","contentUrl":"https:\/\/metonymypress.com\/wp-content\/uploads\/2024\/07\/cover_2024.8.28.jpg","width":1800,"height":2400,"caption":"The Sacred Heart Motel front cover"},{"@type":"BreadcrumbList","@id":"https:\/\/metonymypress.com\/products\/the-sacred-heart-motel-kwan\/#breadcrumb","itemListElement":[{"@type":"ListItem","position":1,"name":"Home","item":"https:\/\/metonymypress.com\/"},{"@type":"ListItem","position":2,"name":"Products","item":"https:\/\/metonymypress.com\/shop\/"},{"@type":"ListItem","position":3,"name":"The Sacred Heart Motel"}]},{"@type":"WebSite","@id":"https:\/\/metonymypress.com\/#website","url":"https:\/\/metonymypress.com\/","name":"\u00c9ditions M\u00e9tonymie","description":"","publisher":{"@id":"https:\/\/metonymypress.com\/#organization"},"potentialAction":[{"@type":"SearchAction","target":{"@type":"EntryPoint","urlTemplate":"https:\/\/metonymypress.com\/?s={search_term_string}"},"query-input":{"@type":"PropertyValueSpecification","valueRequired":true,"valueName":"search_term_string"}}],"inLanguage":"fr-CA"},{"@type":"Organization","@id":"https:\/\/metonymypress.com\/#organization","name":"\u00c9ditions M\u00e9tonymie","url":"https:\/\/metonymypress.com\/","logo":{"@type":"ImageObject","inLanguage":"fr-CA","@id":"https:\/\/metonymypress.com\/#\/schema\/logo\/image\/","url":"https:\/\/metonymypress.com\/wp-content\/uploads\/2019\/03\/metonymy_logo.jpg","contentUrl":"https:\/\/metonymypress.com\/wp-content\/uploads\/2019\/03\/metonymy_logo.jpg","width":2423,"height":1013,"caption":"Metonymy Press"},"image":{"@id":"https:\/\/metonymypress.com\/#\/schema\/logo\/image\/"}}]}},"_links":{"self":[{"href":"https:\/\/metonymypress.com\/fr\/wp-json\/wp\/v2\/product\/29550","targetHints":{"allow":["GET"]}}],"collection":[{"href":"https:\/\/metonymypress.com\/fr\/wp-json\/wp\/v2\/product"}],"about":[{"href":"https:\/\/metonymypress.com\/fr\/wp-json\/wp\/v2\/types\/product"}],"version-history":[{"count":10,"href":"https:\/\/metonymypress.com\/fr\/wp-json\/wp\/v2\/product\/29550\/revisions"}],"predecessor-version":[{"id":35237,"href":"https:\/\/metonymypress.com\/fr\/wp-json\/wp\/v2\/product\/29550\/revisions\/35237"}],"wp:featuredmedia":[{"embeddable":true,"href":"https:\/\/metonymypress.com\/fr\/wp-json\/wp\/v2\/media\/29611"}],"wp:attachment":[{"href":"https:\/\/metonymypress.com\/fr\/wp-json\/wp\/v2\/media?parent=29550"}],"wp:term":[{"taxonomy":"product_brand","embeddable":true,"href":"https:\/\/metonymypress.com\/fr\/wp-json\/wp\/v2\/product_brand?post=29550"},{"taxonomy":"product_cat","embeddable":true,"href":"https:\/\/metonymypress.com\/fr\/wp-json\/wp\/v2\/product_cat?post=29550"},{"taxonomy":"product_tag","embeddable":true,"href":"https:\/\/metonymypress.com\/fr\/wp-json\/wp\/v2\/product_tag?post=29550"}],"curies":[{"name":"wp","href":"https:\/\/api.w.org\/{rel}","templated":true}]}}