{"id":35218,"date":"2026-02-12T14:21:23","date_gmt":"2026-02-12T19:21:23","guid":{"rendered":"https:\/\/metonymypress.com\/?post_type=product&#038;p=35218"},"modified":"2026-03-25T15:27:15","modified_gmt":"2026-03-25T20:27:15","slug":"for-lovers","status":"publish","type":"product","link":"https:\/\/metonymypress.com\/fr\/products\/for-lovers\/","title":{"rendered":"For Lovers"},"content":{"rendered":"<p>En savoir plus sur les titres de cet ensemble :<\/p>\n<p><a href=\"https:\/\/metonymypress.com\/fr\/products\/the-sacred-heart-motel-kwan\/\"><em>The Sacred Heart Motel<\/em> by Grace Kwan<\/a><\/p>\n<p>Dans ce premier livre, Grace Kwan nous guide d\u2019une voix impitoyable et agile \u00e0 travers les recoins du corps et les abords de la route. Ce s\u00e9jour au motel nous plonge dans un r\u00e9cit multivers, des commodit\u00e9s aux chambres et aux ruelles, en passant par les g\u00e9n\u00e9rations de fant\u00f4mes et les histoires d\u2019amour queer. D\u00e9sorientant et surprenant, The Sacred Heart Motel est une ode \u00e0 la liminalit\u00e9 et \u00e0 la nostalgie.<\/p>\n<p><a href=\"https:\/\/metonymypress.com\/fr\/products\/haunting-adrian-yates-harwood-jones\/\"><em>The Haunting of Adrian Yates<\/em> by Markus Harwood-Jones\u00a0<\/a><\/p>\n<p>Le meilleur ami et le chum d\u2019Adrian ne s\u2019entendent pas. Oh, et son chum est un fant\u00f4me.<\/p>\n<p>Adrian Yates s\u2019attendait \u00e0 passer l\u2019\u00e9t\u00e9 \u00e0 partager des slushes avec son meilleur ami Zoomer et \u00e0 faire semblant de ne pas entendre les disputes \u00e0 voix basse de ses p\u00e8res. Et c\u2019est exactement ainsi qu\u2019il passait ses journ\u00e9es, jusqu\u2019\u00e0 la nuit o\u00f9 Sorel est apparu dans le cimeti\u00e8re situ\u00e9 pr\u00e8s de son appartement. Sorel <i>comprend<\/i> Adrian mieux que quiconque, et le fait qu\u2019il ne soit pas <i>techniquement<\/i> alive only makes things exciting. But Sorel can\u2019t always control his otherworldly behaviour, and Zoomer\u2019s worried he might be hiding something. On stormy summer nights behind the cemetery\u2019s iron gates, Adrian and Sorel meet in secret and the pair begin to experiment with consensual possession. Despite the warning signs, Adrian is certain he has everything under control\u2014until suddenly he finds himself fighting for his life.<\/p>\n<p><a href=\"https:\/\/metonymypress.com\/fr\/products\/little-blue-encyclopedia-for-vivian-plante\/\"><em>Little Blue Encyclopedia<\/em> by Hazel Jane Plante<\/a><\/p>\n<p>The playful and poignant novel <i>Little Blue Encyclopedia (for Vivian)<\/i> sifts through a queer trans woman\u2019s unrequited love for her straight trans friend who died. A queer love letter steeped in desire, grief, and delight, the story is interspersed with encyclopedia entries about a fictional TV show set on an isolated island. The experimental form functions at once as a manual for how pop culture can help soothe and mend us and as an exploration of oft-overlooked sources of pleasure, including karaoke, birding, and butt toys. Ultimately, <i>Little Blue Encyclopedia (for Vivian)<\/i> reveals with glorious detail and emotional nuance the woman the narrator loved, why she loved her, and the depths of what she has lost.<\/p>\n<p><a href=\"https:\/\/metonymypress.com\/fr\/products\/the-rage-letters-bah\/\"><em>The Rage Letters<\/em> by Val\u00e9rie Bah<\/a><\/p>\n<p>Un agent de s\u00e9curit\u00e9 \u00e9puis\u00e9 r\u00eave de rentrer chez lui. Une sculpteure et un\u00b7e poteux\u00b7se font l\u2019amour en compagnie d\u2019un groupe d\u2019ex-flammes en cire. Un atelier sur la diversit\u00e9 prend des allures de cauchemar familier.<\/p>\n<p>Tout au long de ce recueil pince-sans-rire, des figures r\u00e9solues, damn\u00e9es et triomphantes apparaissent et r\u00e9apparaissent, leurs liens devenant de plus en plus clairs au fil de la narration fragment\u00e9e. L\u2019auteure dresse avec l\u00e9g\u00e8ret\u00e9 le portrait des vies entrem\u00eal\u00e9es d\u2019un groupe d\u2019ami\u00b7es noir\u00b7es, queer et trans qui \u00e9voluent au gr\u00e9 de la violence sociale, des traumatismes et des contradictions qui caract\u00e9risent leur situation.<\/p>\n<p>Originally published in French in 2021 by les \u00c9ditions du remue-m\u00e9nage, as part of the Martiales collection, the stories in Bah\u2019s <i>The Rage Letters<\/i> qui se d\u00e9roulent \u00e0 Montr\u00e9al et ailleurs. Parfois concises et souvent conversationnelles, mais toujours porteuses de possibilit\u00e9s \u00e0 travers le d\u00e9sir, la rage et les actes de r\u00e9bellion de leurs personnages.<\/p>\n<p><a href=\"https:\/\/metonymypress.com\/fr\/products\/she-is-sitting-in-the-night-re-visioning-theas-tarot-pickle-west\/\"><em>She Is Sitting in the Night<\/em> by Oliver Pickle\u00a0<\/a><\/p>\n<p><em>She Is Sitting in the Night<\/em> est une r\u00e9interpr\u00e9tation queer contemporaine d\u2019un magnifique jeu de tarot f\u00e9ministe des ann\u00e9es 1980 qui documente une conversation \u00e0 travers les g\u00e9n\u00e9rations et les m\u00e9diums. C\u2019est \u00e0 la fois un instrument de lecture du tarot et une c\u00e9l\u00e9bration de la production culturelle queer et f\u00e9ministe, tant pass\u00e9e que contemporaine.<\/p>","protected":false},"excerpt":{"rendered":"<p>Just in time for Valentine&#8217;s Day, we&#8217;re offering you a special deal: $75 for our <em>For Lovers<\/em> bundle!<\/p>\n<p>For $75, you can get the following great titles:<\/p>\n<p><em>The Haunting of Adrian Yates<\/em> by Markus Harwood-Jones<\/p>\n<p><em>Little Blue Encyclopedia<\/em> by Hazel Jane Plante<\/p>\n<p><em>The Sacred Heart Motel<\/em> by Grace Kwan<\/p>\n<p><em>The Rage Letters<\/em> by Val\u00e9rie Bah<\/p>\n<p><em>She Is Sitting in the Night<\/em> by Oliver Pickle<\/p>","protected":false},"featured_media":35266,"template":"","meta":{"give_campaign_id":0,"neve_meta_sidebar":"","neve_meta_container":"","neve_meta_enable_content_width":"off","neve_meta_content_width":100,"neve_meta_title_alignment":"","neve_meta_author_avatar":"","neve_post_elements_order":"","neve_meta_disable_header":"","neve_meta_disable_footer":"","neve_meta_disable_title":"","cybocfi_hide_featured_image":""},"product_brand":[],"product_cat":[202],"product_tag":[],"class_list":{"0":"post-35218","1":"product","2":"type-product","3":"status-publish","4":"has-post-thumbnail","6":"product_cat-book-bundles","8":"first","9":"instock","10":"taxable","11":"shipping-taxable","12":"purchasable","13":"product-type-simple"},"yoast_head":"<!-- This site is optimized with the Yoast SEO plugin v27.3 - https:\/\/yoast.com\/product\/yoast-seo-wordpress\/ -->\n<title>For Lovers - Metonymy Press<\/title>\n<meta name=\"description\" content=\"Just in time for Valentine&#039;s Day, buy yourself some books to cozy up to with our For Lovers bundle. 5 books for only 75$.\" \/>\n<meta name=\"robots\" content=\"index, follow, max-snippet:-1, max-image-preview:large, max-video-preview:-1\" \/>\n<link rel=\"canonical\" href=\"https:\/\/metonymypress.com\/fr\/products\/for-lovers\/\" \/>\n<meta property=\"og:locale\" content=\"fr_CA\" \/>\n<meta property=\"og:type\" content=\"article\" \/>\n<meta property=\"og:title\" content=\"For Lovers - Metonymy Press\" \/>\n<meta property=\"og:description\" content=\"Just in time for Valentine&#039;s Day, buy yourself some books to cozy up to with our For Lovers bundle. 5 books for only 75$.\" \/>\n<meta property=\"og:url\" content=\"https:\/\/metonymypress.com\/fr\/products\/for-lovers\/\" \/>\n<meta property=\"og:site_name\" content=\"Metonymy Press\" \/>\n<meta property=\"article:modified_time\" content=\"2026-03-25T20:27:15+00:00\" \/>\n<meta property=\"og:image\" content=\"https:\/\/metonymypress.com\/wp-content\/uploads\/2026\/02\/METONYMY-PRESS-FOR-LOVERS-1.png\" \/>\n\t<meta property=\"og:image:width\" content=\"1080\" \/>\n\t<meta property=\"og:image:height\" content=\"1350\" \/>\n\t<meta property=\"og:image:type\" content=\"image\/png\" \/>\n<meta name=\"twitter:card\" content=\"summary_large_image\" \/>\n<meta name=\"twitter:label1\" content=\"Estimation du temps de lecture\" \/>\n\t<meta name=\"twitter:data1\" content=\"3 minutes\" \/>\n<script type=\"application\/ld+json\" class=\"yoast-schema-graph\">{\"@context\":\"https:\\\/\\\/schema.org\",\"@graph\":[{\"@type\":\"WebPage\",\"@id\":\"https:\\\/\\\/metonymypress.com\\\/products\\\/for-lovers\\\/\",\"url\":\"https:\\\/\\\/metonymypress.com\\\/products\\\/for-lovers\\\/\",\"name\":\"For Lovers - Metonymy Press\",\"isPartOf\":{\"@id\":\"https:\\\/\\\/metonymypress.com\\\/#website\"},\"primaryImageOfPage\":{\"@id\":\"https:\\\/\\\/metonymypress.com\\\/products\\\/for-lovers\\\/#primaryimage\"},\"image\":{\"@id\":\"https:\\\/\\\/metonymypress.com\\\/products\\\/for-lovers\\\/#primaryimage\"},\"thumbnailUrl\":\"https:\\\/\\\/metonymypress.com\\\/wp-content\\\/uploads\\\/2026\\\/02\\\/METONYMY-PRESS-FOR-LOVERS-1.png\",\"datePublished\":\"2026-02-12T19:21:23+00:00\",\"dateModified\":\"2026-03-25T20:27:15+00:00\",\"description\":\"Just in time for Valentine's Day, buy yourself some books to cozy up to with our For Lovers bundle. 5 books for only 75$.\",\"breadcrumb\":{\"@id\":\"https:\\\/\\\/metonymypress.com\\\/products\\\/for-lovers\\\/#breadcrumb\"},\"inLanguage\":\"fr-CA\",\"potentialAction\":[{\"@type\":\"ReadAction\",\"target\":[\"https:\\\/\\\/metonymypress.com\\\/products\\\/for-lovers\\\/\"]}]},{\"@type\":\"ImageObject\",\"inLanguage\":\"fr-CA\",\"@id\":\"https:\\\/\\\/metonymypress.com\\\/products\\\/for-lovers\\\/#primaryimage\",\"url\":\"https:\\\/\\\/metonymypress.com\\\/wp-content\\\/uploads\\\/2026\\\/02\\\/METONYMY-PRESS-FOR-LOVERS-1.png\",\"contentUrl\":\"https:\\\/\\\/metonymypress.com\\\/wp-content\\\/uploads\\\/2026\\\/02\\\/METONYMY-PRESS-FOR-LOVERS-1.png\",\"width\":1080,\"height\":1350},{\"@type\":\"BreadcrumbList\",\"@id\":\"https:\\\/\\\/metonymypress.com\\\/products\\\/for-lovers\\\/#breadcrumb\",\"itemListElement\":[{\"@type\":\"ListItem\",\"position\":1,\"name\":\"Home\",\"item\":\"https:\\\/\\\/metonymypress.com\\\/\"},{\"@type\":\"ListItem\",\"position\":2,\"name\":\"Products\",\"item\":\"https:\\\/\\\/metonymypress.com\\\/shop\\\/\"},{\"@type\":\"ListItem\",\"position\":3,\"name\":\"For Lovers\"}]},{\"@type\":\"WebSite\",\"@id\":\"https:\\\/\\\/metonymypress.com\\\/#website\",\"url\":\"https:\\\/\\\/metonymypress.com\\\/\",\"name\":\"Metonymy Press\",\"description\":\"\",\"publisher\":{\"@id\":\"https:\\\/\\\/metonymypress.com\\\/#organization\"},\"potentialAction\":[{\"@type\":\"SearchAction\",\"target\":{\"@type\":\"EntryPoint\",\"urlTemplate\":\"https:\\\/\\\/metonymypress.com\\\/?s={search_term_string}\"},\"query-input\":{\"@type\":\"PropertyValueSpecification\",\"valueRequired\":true,\"valueName\":\"search_term_string\"}}],\"inLanguage\":\"fr-CA\"},{\"@type\":\"Organization\",\"@id\":\"https:\\\/\\\/metonymypress.com\\\/#organization\",\"name\":\"Metonymy Press\",\"url\":\"https:\\\/\\\/metonymypress.com\\\/\",\"logo\":{\"@type\":\"ImageObject\",\"inLanguage\":\"fr-CA\",\"@id\":\"https:\\\/\\\/metonymypress.com\\\/#\\\/schema\\\/logo\\\/image\\\/\",\"url\":\"https:\\\/\\\/metonymypress.com\\\/wp-content\\\/uploads\\\/2019\\\/03\\\/metonymy_logo.jpg\",\"contentUrl\":\"https:\\\/\\\/metonymypress.com\\\/wp-content\\\/uploads\\\/2019\\\/03\\\/metonymy_logo.jpg\",\"width\":2423,\"height\":1013,\"caption\":\"Metonymy Press\"},\"image\":{\"@id\":\"https:\\\/\\\/metonymypress.com\\\/#\\\/schema\\\/logo\\\/image\\\/\"}}]}<\/script>\n<!-- \/ Yoast SEO plugin. -->","yoast_head_json":{"title":"For Lovers - Metonymy Press","description":"Just in time for Valentine's Day, buy yourself some books to cozy up to with our For Lovers bundle. 5 books for only 75$.","robots":{"index":"index","follow":"follow","max-snippet":"max-snippet:-1","max-image-preview":"max-image-preview:large","max-video-preview":"max-video-preview:-1"},"canonical":"https:\/\/metonymypress.com\/fr\/products\/for-lovers\/","og_locale":"fr_CA","og_type":"article","og_title":"For Lovers - Metonymy Press","og_description":"Just in time for Valentine's Day, buy yourself some books to cozy up to with our For Lovers bundle. 5 books for only 75$.","og_url":"https:\/\/metonymypress.com\/fr\/products\/for-lovers\/","og_site_name":"Metonymy Press","article_modified_time":"2026-03-25T20:27:15+00:00","og_image":[{"width":1080,"height":1350,"url":"https:\/\/metonymypress.com\/wp-content\/uploads\/2026\/02\/METONYMY-PRESS-FOR-LOVERS-1.png","type":"image\/png"}],"twitter_card":"summary_large_image","twitter_misc":{"Estimation du temps de lecture":"3 minutes"},"schema":{"@context":"https:\/\/schema.org","@graph":[{"@type":"WebPage","@id":"https:\/\/metonymypress.com\/products\/for-lovers\/","url":"https:\/\/metonymypress.com\/products\/for-lovers\/","name":"For Lovers - Metonymy Press","isPartOf":{"@id":"https:\/\/metonymypress.com\/#website"},"primaryImageOfPage":{"@id":"https:\/\/metonymypress.com\/products\/for-lovers\/#primaryimage"},"image":{"@id":"https:\/\/metonymypress.com\/products\/for-lovers\/#primaryimage"},"thumbnailUrl":"https:\/\/metonymypress.com\/wp-content\/uploads\/2026\/02\/METONYMY-PRESS-FOR-LOVERS-1.png","datePublished":"2026-02-12T19:21:23+00:00","dateModified":"2026-03-25T20:27:15+00:00","description":"Just in time for Valentine's Day, buy yourself some books to cozy up to with our For Lovers bundle. 5 books for only 75$.","breadcrumb":{"@id":"https:\/\/metonymypress.com\/products\/for-lovers\/#breadcrumb"},"inLanguage":"fr-CA","potentialAction":[{"@type":"ReadAction","target":["https:\/\/metonymypress.com\/products\/for-lovers\/"]}]},{"@type":"ImageObject","inLanguage":"fr-CA","@id":"https:\/\/metonymypress.com\/products\/for-lovers\/#primaryimage","url":"https:\/\/metonymypress.com\/wp-content\/uploads\/2026\/02\/METONYMY-PRESS-FOR-LOVERS-1.png","contentUrl":"https:\/\/metonymypress.com\/wp-content\/uploads\/2026\/02\/METONYMY-PRESS-FOR-LOVERS-1.png","width":1080,"height":1350},{"@type":"BreadcrumbList","@id":"https:\/\/metonymypress.com\/products\/for-lovers\/#breadcrumb","itemListElement":[{"@type":"ListItem","position":1,"name":"Home","item":"https:\/\/metonymypress.com\/"},{"@type":"ListItem","position":2,"name":"Products","item":"https:\/\/metonymypress.com\/shop\/"},{"@type":"ListItem","position":3,"name":"For Lovers"}]},{"@type":"WebSite","@id":"https:\/\/metonymypress.com\/#website","url":"https:\/\/metonymypress.com\/","name":"\u00c9ditions M\u00e9tonymie","description":"","publisher":{"@id":"https:\/\/metonymypress.com\/#organization"},"potentialAction":[{"@type":"SearchAction","target":{"@type":"EntryPoint","urlTemplate":"https:\/\/metonymypress.com\/?s={search_term_string}"},"query-input":{"@type":"PropertyValueSpecification","valueRequired":true,"valueName":"search_term_string"}}],"inLanguage":"fr-CA"},{"@type":"Organization","@id":"https:\/\/metonymypress.com\/#organization","name":"\u00c9ditions M\u00e9tonymie","url":"https:\/\/metonymypress.com\/","logo":{"@type":"ImageObject","inLanguage":"fr-CA","@id":"https:\/\/metonymypress.com\/#\/schema\/logo\/image\/","url":"https:\/\/metonymypress.com\/wp-content\/uploads\/2019\/03\/metonymy_logo.jpg","contentUrl":"https:\/\/metonymypress.com\/wp-content\/uploads\/2019\/03\/metonymy_logo.jpg","width":2423,"height":1013,"caption":"Metonymy Press"},"image":{"@id":"https:\/\/metonymypress.com\/#\/schema\/logo\/image\/"}}]}},"_links":{"self":[{"href":"https:\/\/metonymypress.com\/fr\/wp-json\/wp\/v2\/product\/35218","targetHints":{"allow":["GET"]}}],"collection":[{"href":"https:\/\/metonymypress.com\/fr\/wp-json\/wp\/v2\/product"}],"about":[{"href":"https:\/\/metonymypress.com\/fr\/wp-json\/wp\/v2\/types\/product"}],"version-history":[{"count":2,"href":"https:\/\/metonymypress.com\/fr\/wp-json\/wp\/v2\/product\/35218\/revisions"}],"predecessor-version":[{"id":35223,"href":"https:\/\/metonymypress.com\/fr\/wp-json\/wp\/v2\/product\/35218\/revisions\/35223"}],"wp:featuredmedia":[{"embeddable":true,"href":"https:\/\/metonymypress.com\/fr\/wp-json\/wp\/v2\/media\/35266"}],"wp:attachment":[{"href":"https:\/\/metonymypress.com\/fr\/wp-json\/wp\/v2\/media?parent=35218"}],"wp:term":[{"taxonomy":"product_brand","embeddable":true,"href":"https:\/\/metonymypress.com\/fr\/wp-json\/wp\/v2\/product_brand?post=35218"},{"taxonomy":"product_cat","embeddable":true,"href":"https:\/\/metonymypress.com\/fr\/wp-json\/wp\/v2\/product_cat?post=35218"},{"taxonomy":"product_tag","embeddable":true,"href":"https:\/\/metonymypress.com\/fr\/wp-json\/wp\/v2\/product_tag?post=35218"}],"curies":[{"name":"wp","href":"https:\/\/api.w.org\/{rel}","templated":true}]}}