{"id":35278,"date":"2026-02-23T17:44:42","date_gmt":"2026-02-23T22:44:42","guid":{"rendered":"https:\/\/metonymypress.com\/?post_type=product&#038;p=35278"},"modified":"2026-02-25T19:11:33","modified_gmt":"2026-02-26T00:11:33","slug":"novel-bundle","status":"publish","type":"product","link":"https:\/\/metonymypress.com\/fr\/products\/novel-bundle\/","title":{"rendered":"&#8220;Can&#8217;t Put You Down&#8221; novel bundle"},"content":{"rendered":"<h3>More information about the books in this novel bundle:<\/h3>\n<p><a href=\"https:\/\/metonymypress.com\/fr\/products\/little-blue-encyclopedia-for-vivian-plante\/\"><em>Little Blue Encyclopedia (For Vivian) <\/em>by Hazel Jane Plante<\/a><\/p>\n<p>The playful and poignant novel <i>Little Blue Encyclopedia (for Vivian)<\/i> sifts through a queer trans woman\u2019s unrequited love for her straight trans friend who died. A queer love letter steeped in desire, grief, and delight, the story is interspersed with encyclopedia entries about a fictional TV show set on an isolated island. The experimental form functions at once as a manual for how pop culture can help soothe and mend us and as an exploration of oft-overlooked sources of pleasure, including karaoke, birding, and butt toys. Ultimately, <i>Little Blue Encyclopedia (for Vivian)<\/i> reveals with glorious detail and emotional nuance the woman the narrator loved, why she loved her, and the depths of what she has lost.<\/p>\n<p><a href=\"https:\/\/metonymypress.com\/fr\/products\/small-beauty-wilson-yang\/\">Small Beauty by jia qing wilson yang<\/a><\/p>\n<div class=\"column\">\n<p><i>Small Beauty<\/i> tells the story of Mei, a mixed race trans woman managing the death of her cousin, the ways she contorts to navigate racism and transphobia, and her desire for community as she takes an opportunity to leave the city and revisit a town from her family\u2019s past, where she discovers queer family history while parsing through her own anger and trauma.<\/p>\n<p><a href=\"https:\/\/metonymypress.com\/fr\/products\/lote-von-reinhold\/\">Lote by Shola von Reinhold<\/a><\/p>\n<p dir=\"ltr\">\u201cWhat was beyond doubt by the time I got back was that a new Transfixion had arrived in the form of Hermia Druitt, the woman in this photograph. This was confirmed by the sensations: flashes from Arcadia. Moonlight, of a kind, sighed up and down the tube of my spine, but above all, that indescribable note which accompanied all my Transfixions was present: humming beneath the high fine rush\u2014probably not dissimilar to holy rapture\u2014was an almost violent famili\u00adarity. The feeling of not only recognising, but of having been recognised.<\/p>\n<p dir=\"ltr\">A new Transfixion.\u201d<\/p>\n<p dir=\"ltr\">Le premier roman luxuriant de Shola von Reinhold fait ressortir, \u00e0 travers une prose \u00e9labor\u00e9e et nuanc\u00e9e, les lacunes et les failles de l\u2019archive. Les recherches obsessionnelles de la narratrice sur une po\u00e9tesse noire moderniste oubli\u00e9e la confrontent \u00e0 la vacuit\u00e9 du milieu artistique, mais aussi \u00e0 une sc\u00e8ne historique queer qui la conforte et la nourrit. Ce roman a initialement \u00e9t\u00e9 publi\u00e9 au Royaume-Uni par Jacaranda Books Art Music Ltd. dans le cadre de la s\u00e9rie Twenty in 2020, une c\u00e9l\u00e9bration de la litt\u00e9rature noire britannique.<\/p>\n<\/div>","protected":false},"excerpt":{"rendered":"<p>When you just want to read something you can&#8217;t put down, we&#8217;re offering you a special deal: $46 for our novels bundle featuring the following great titles:<\/p>\n<p>Small Beauty by jia qing wilson-yang<br \/>\nLittle Blue Encyclopedia by Hazel Jane Plante<br \/>\nLote by Shola von Reinhold<\/p>","protected":false},"featured_media":35279,"template":"","meta":{"give_campaign_id":0,"neve_meta_sidebar":"","neve_meta_container":"","neve_meta_enable_content_width":"off","neve_meta_content_width":100,"neve_meta_title_alignment":"","neve_meta_author_avatar":"","neve_post_elements_order":"","neve_meta_disable_header":"","neve_meta_disable_footer":"","neve_meta_disable_title":"","cybocfi_hide_featured_image":""},"product_brand":[],"product_cat":[202],"product_tag":[],"class_list":{"0":"post-35278","1":"product","2":"type-product","3":"status-publish","4":"has-post-thumbnail","6":"product_cat-book-bundles","8":"first","9":"instock","10":"taxable","11":"shipping-taxable","12":"purchasable","13":"product-type-simple"},"yoast_head":"<!-- This site is optimized with the Yoast SEO plugin v27.3 - https:\/\/yoast.com\/product\/yoast-seo-wordpress\/ -->\n<title>&quot;Can&#039;t Put You Down&quot; novel bundle - Metonymy Press<\/title>\n<meta name=\"description\" content=\"Get copies of all the novels published by Metonymy Press, from authors Hazel Jane Plante, jia qing wilson-yang, and Shola von Reinhold, for 20% off!\" \/>\n<meta name=\"robots\" content=\"index, follow, max-snippet:-1, max-image-preview:large, max-video-preview:-1\" \/>\n<link rel=\"canonical\" href=\"https:\/\/metonymypress.com\/fr\/products\/novel-bundle\/\" \/>\n<meta property=\"og:locale\" content=\"fr_CA\" \/>\n<meta property=\"og:type\" content=\"article\" \/>\n<meta property=\"og:title\" content=\"&quot;Can&#039;t Put You Down&quot; novel bundle - Metonymy Press\" \/>\n<meta property=\"og:description\" content=\"Get copies of all the novels published by Metonymy Press, from authors Hazel Jane Plante, jia qing wilson-yang, and Shola von Reinhold, for 20% off!\" \/>\n<meta property=\"og:url\" content=\"https:\/\/metonymypress.com\/fr\/products\/novel-bundle\/\" \/>\n<meta property=\"og:site_name\" content=\"Metonymy Press\" \/>\n<meta property=\"article:modified_time\" content=\"2026-02-26T00:11:33+00:00\" \/>\n<meta property=\"og:image\" content=\"https:\/\/metonymypress.com\/wp-content\/uploads\/2026\/02\/METONYMY-PRESS-NOVEL-BUNDLE.png\" \/>\n\t<meta property=\"og:image:width\" content=\"1080\" \/>\n\t<meta property=\"og:image:height\" content=\"1350\" \/>\n\t<meta property=\"og:image:type\" content=\"image\/png\" \/>\n<meta name=\"twitter:card\" content=\"summary_large_image\" \/>\n<meta name=\"twitter:label1\" content=\"Estimation du temps de lecture\" \/>\n\t<meta name=\"twitter:data1\" content=\"2 minutes\" \/>\n<script type=\"application\/ld+json\" class=\"yoast-schema-graph\">{\"@context\":\"https:\\\/\\\/schema.org\",\"@graph\":[{\"@type\":\"WebPage\",\"@id\":\"https:\\\/\\\/metonymypress.com\\\/products\\\/novel-bundle\\\/\",\"url\":\"https:\\\/\\\/metonymypress.com\\\/products\\\/novel-bundle\\\/\",\"name\":\"\\\"Can't Put You Down\\\" novel bundle - Metonymy Press\",\"isPartOf\":{\"@id\":\"https:\\\/\\\/metonymypress.com\\\/#website\"},\"primaryImageOfPage\":{\"@id\":\"https:\\\/\\\/metonymypress.com\\\/products\\\/novel-bundle\\\/#primaryimage\"},\"image\":{\"@id\":\"https:\\\/\\\/metonymypress.com\\\/products\\\/novel-bundle\\\/#primaryimage\"},\"thumbnailUrl\":\"https:\\\/\\\/metonymypress.com\\\/wp-content\\\/uploads\\\/2026\\\/02\\\/METONYMY-PRESS-NOVEL-BUNDLE.png\",\"datePublished\":\"2026-02-23T22:44:42+00:00\",\"dateModified\":\"2026-02-26T00:11:33+00:00\",\"description\":\"Get copies of all the novels published by Metonymy Press, from authors Hazel Jane Plante, jia qing wilson-yang, and Shola von Reinhold, for 20% off!\",\"breadcrumb\":{\"@id\":\"https:\\\/\\\/metonymypress.com\\\/products\\\/novel-bundle\\\/#breadcrumb\"},\"inLanguage\":\"fr-CA\",\"potentialAction\":[{\"@type\":\"ReadAction\",\"target\":[\"https:\\\/\\\/metonymypress.com\\\/products\\\/novel-bundle\\\/\"]}]},{\"@type\":\"ImageObject\",\"inLanguage\":\"fr-CA\",\"@id\":\"https:\\\/\\\/metonymypress.com\\\/products\\\/novel-bundle\\\/#primaryimage\",\"url\":\"https:\\\/\\\/metonymypress.com\\\/wp-content\\\/uploads\\\/2026\\\/02\\\/METONYMY-PRESS-NOVEL-BUNDLE.png\",\"contentUrl\":\"https:\\\/\\\/metonymypress.com\\\/wp-content\\\/uploads\\\/2026\\\/02\\\/METONYMY-PRESS-NOVEL-BUNDLE.png\",\"width\":1080,\"height\":1350},{\"@type\":\"BreadcrumbList\",\"@id\":\"https:\\\/\\\/metonymypress.com\\\/products\\\/novel-bundle\\\/#breadcrumb\",\"itemListElement\":[{\"@type\":\"ListItem\",\"position\":1,\"name\":\"Home\",\"item\":\"https:\\\/\\\/metonymypress.com\\\/\"},{\"@type\":\"ListItem\",\"position\":2,\"name\":\"Products\",\"item\":\"https:\\\/\\\/metonymypress.com\\\/shop\\\/\"},{\"@type\":\"ListItem\",\"position\":3,\"name\":\"&#8220;Can&#8217;t Put You Down&#8221; novel bundle\"}]},{\"@type\":\"WebSite\",\"@id\":\"https:\\\/\\\/metonymypress.com\\\/#website\",\"url\":\"https:\\\/\\\/metonymypress.com\\\/\",\"name\":\"Metonymy Press\",\"description\":\"\",\"publisher\":{\"@id\":\"https:\\\/\\\/metonymypress.com\\\/#organization\"},\"potentialAction\":[{\"@type\":\"SearchAction\",\"target\":{\"@type\":\"EntryPoint\",\"urlTemplate\":\"https:\\\/\\\/metonymypress.com\\\/?s={search_term_string}\"},\"query-input\":{\"@type\":\"PropertyValueSpecification\",\"valueRequired\":true,\"valueName\":\"search_term_string\"}}],\"inLanguage\":\"fr-CA\"},{\"@type\":\"Organization\",\"@id\":\"https:\\\/\\\/metonymypress.com\\\/#organization\",\"name\":\"Metonymy Press\",\"url\":\"https:\\\/\\\/metonymypress.com\\\/\",\"logo\":{\"@type\":\"ImageObject\",\"inLanguage\":\"fr-CA\",\"@id\":\"https:\\\/\\\/metonymypress.com\\\/#\\\/schema\\\/logo\\\/image\\\/\",\"url\":\"https:\\\/\\\/metonymypress.com\\\/wp-content\\\/uploads\\\/2019\\\/03\\\/metonymy_logo.jpg\",\"contentUrl\":\"https:\\\/\\\/metonymypress.com\\\/wp-content\\\/uploads\\\/2019\\\/03\\\/metonymy_logo.jpg\",\"width\":2423,\"height\":1013,\"caption\":\"Metonymy Press\"},\"image\":{\"@id\":\"https:\\\/\\\/metonymypress.com\\\/#\\\/schema\\\/logo\\\/image\\\/\"}}]}<\/script>\n<!-- \/ Yoast SEO plugin. -->","yoast_head_json":{"title":"\"Can't Put You Down\" novel bundle - Metonymy Press","description":"Get copies of all the novels published by Metonymy Press, from authors Hazel Jane Plante, jia qing wilson-yang, and Shola von Reinhold, for 20% off!","robots":{"index":"index","follow":"follow","max-snippet":"max-snippet:-1","max-image-preview":"max-image-preview:large","max-video-preview":"max-video-preview:-1"},"canonical":"https:\/\/metonymypress.com\/fr\/products\/novel-bundle\/","og_locale":"fr_CA","og_type":"article","og_title":"\"Can't Put You Down\" novel bundle - Metonymy Press","og_description":"Get copies of all the novels published by Metonymy Press, from authors Hazel Jane Plante, jia qing wilson-yang, and Shola von Reinhold, for 20% off!","og_url":"https:\/\/metonymypress.com\/fr\/products\/novel-bundle\/","og_site_name":"Metonymy Press","article_modified_time":"2026-02-26T00:11:33+00:00","og_image":[{"width":1080,"height":1350,"url":"https:\/\/metonymypress.com\/wp-content\/uploads\/2026\/02\/METONYMY-PRESS-NOVEL-BUNDLE.png","type":"image\/png"}],"twitter_card":"summary_large_image","twitter_misc":{"Estimation du temps de lecture":"2 minutes"},"schema":{"@context":"https:\/\/schema.org","@graph":[{"@type":"WebPage","@id":"https:\/\/metonymypress.com\/products\/novel-bundle\/","url":"https:\/\/metonymypress.com\/products\/novel-bundle\/","name":"\"Can't Put You Down\" novel bundle - Metonymy Press","isPartOf":{"@id":"https:\/\/metonymypress.com\/#website"},"primaryImageOfPage":{"@id":"https:\/\/metonymypress.com\/products\/novel-bundle\/#primaryimage"},"image":{"@id":"https:\/\/metonymypress.com\/products\/novel-bundle\/#primaryimage"},"thumbnailUrl":"https:\/\/metonymypress.com\/wp-content\/uploads\/2026\/02\/METONYMY-PRESS-NOVEL-BUNDLE.png","datePublished":"2026-02-23T22:44:42+00:00","dateModified":"2026-02-26T00:11:33+00:00","description":"Get copies of all the novels published by Metonymy Press, from authors Hazel Jane Plante, jia qing wilson-yang, and Shola von Reinhold, for 20% off!","breadcrumb":{"@id":"https:\/\/metonymypress.com\/products\/novel-bundle\/#breadcrumb"},"inLanguage":"fr-CA","potentialAction":[{"@type":"ReadAction","target":["https:\/\/metonymypress.com\/products\/novel-bundle\/"]}]},{"@type":"ImageObject","inLanguage":"fr-CA","@id":"https:\/\/metonymypress.com\/products\/novel-bundle\/#primaryimage","url":"https:\/\/metonymypress.com\/wp-content\/uploads\/2026\/02\/METONYMY-PRESS-NOVEL-BUNDLE.png","contentUrl":"https:\/\/metonymypress.com\/wp-content\/uploads\/2026\/02\/METONYMY-PRESS-NOVEL-BUNDLE.png","width":1080,"height":1350},{"@type":"BreadcrumbList","@id":"https:\/\/metonymypress.com\/products\/novel-bundle\/#breadcrumb","itemListElement":[{"@type":"ListItem","position":1,"name":"Home","item":"https:\/\/metonymypress.com\/"},{"@type":"ListItem","position":2,"name":"Products","item":"https:\/\/metonymypress.com\/shop\/"},{"@type":"ListItem","position":3,"name":"&#8220;Can&#8217;t Put You Down&#8221; novel bundle"}]},{"@type":"WebSite","@id":"https:\/\/metonymypress.com\/#website","url":"https:\/\/metonymypress.com\/","name":"\u00c9ditions M\u00e9tonymie","description":"","publisher":{"@id":"https:\/\/metonymypress.com\/#organization"},"potentialAction":[{"@type":"SearchAction","target":{"@type":"EntryPoint","urlTemplate":"https:\/\/metonymypress.com\/?s={search_term_string}"},"query-input":{"@type":"PropertyValueSpecification","valueRequired":true,"valueName":"search_term_string"}}],"inLanguage":"fr-CA"},{"@type":"Organization","@id":"https:\/\/metonymypress.com\/#organization","name":"\u00c9ditions M\u00e9tonymie","url":"https:\/\/metonymypress.com\/","logo":{"@type":"ImageObject","inLanguage":"fr-CA","@id":"https:\/\/metonymypress.com\/#\/schema\/logo\/image\/","url":"https:\/\/metonymypress.com\/wp-content\/uploads\/2019\/03\/metonymy_logo.jpg","contentUrl":"https:\/\/metonymypress.com\/wp-content\/uploads\/2019\/03\/metonymy_logo.jpg","width":2423,"height":1013,"caption":"Metonymy Press"},"image":{"@id":"https:\/\/metonymypress.com\/#\/schema\/logo\/image\/"}}]}},"_links":{"self":[{"href":"https:\/\/metonymypress.com\/fr\/wp-json\/wp\/v2\/product\/35278","targetHints":{"allow":["GET"]}}],"collection":[{"href":"https:\/\/metonymypress.com\/fr\/wp-json\/wp\/v2\/product"}],"about":[{"href":"https:\/\/metonymypress.com\/fr\/wp-json\/wp\/v2\/types\/product"}],"version-history":[{"count":1,"href":"https:\/\/metonymypress.com\/fr\/wp-json\/wp\/v2\/product\/35278\/revisions"}],"predecessor-version":[{"id":35280,"href":"https:\/\/metonymypress.com\/fr\/wp-json\/wp\/v2\/product\/35278\/revisions\/35280"}],"wp:featuredmedia":[{"embeddable":true,"href":"https:\/\/metonymypress.com\/fr\/wp-json\/wp\/v2\/media\/35279"}],"wp:attachment":[{"href":"https:\/\/metonymypress.com\/fr\/wp-json\/wp\/v2\/media?parent=35278"}],"wp:term":[{"taxonomy":"product_brand","embeddable":true,"href":"https:\/\/metonymypress.com\/fr\/wp-json\/wp\/v2\/product_brand?post=35278"},{"taxonomy":"product_cat","embeddable":true,"href":"https:\/\/metonymypress.com\/fr\/wp-json\/wp\/v2\/product_cat?post=35278"},{"taxonomy":"product_tag","embeddable":true,"href":"https:\/\/metonymypress.com\/fr\/wp-json\/wp\/v2\/product_tag?post=35278"}],"curies":[{"name":"wp","href":"https:\/\/api.w.org\/{rel}","templated":true}]}}